{"id":1055,"date":"2019-11-12T12:41:56","date_gmt":"2019-11-12T11:41:56","guid":{"rendered":"http:\/\/www.iei.nl\/?page_id=1055"},"modified":"2023-07-07T17:23:52","modified_gmt":"2023-07-07T15:23:52","slug":"apo","status":"publish","type":"page","link":"https:\/\/www.iei.nl\/nl_nl\/apo\/","title":{"rendered":"App"},"content":{"rendered":"\t\t<div data-elementor-type=\"wp-page\" data-elementor-id=\"1055\" class=\"elementor elementor-1055\" data-elementor-post-type=\"page\">\n\t\t\t\t\t\t<section class=\"elementor-section elementor-top-section elementor-element elementor-element-fb481a8 elementor-section-boxed elementor-section-height-default elementor-section-height-default\" data-id=\"fb481a8\" data-element_type=\"section\" data-e-type=\"section\">\n\t\t\t\t\t\t<div class=\"elementor-container elementor-column-gap-default\">\n\t\t\t\t\t<div class=\"elementor-column elementor-col-50 elementor-top-column elementor-element elementor-element-e9313ba\" data-id=\"e9313ba\" data-element_type=\"column\" data-e-type=\"column\">\n\t\t\t<div class=\"elementor-widget-wrap elementor-element-populated\">\n\t\t\t\t\t\t<div class=\"elementor-element elementor-element-3360390 elementor-widget elementor-widget-heading\" data-id=\"3360390\" data-element_type=\"widget\" data-e-type=\"widget\" data-widget_type=\"heading.default\">\n\t\t\t\t<div class=\"elementor-widget-container\">\n\t\t\t\t\t<h1 class=\"elementor-heading-title elementor-size-xl\">Apo<\/h1>\t\t\t\t<\/div>\n\t\t\t\t<\/div>\n\t\t\t\t\t<\/div>\n\t\t<\/div>\n\t\t\t\t<div class=\"elementor-column elementor-col-50 elementor-top-column elementor-element elementor-element-30003fa\" data-id=\"30003fa\" data-element_type=\"column\" data-e-type=\"column\">\n\t\t\t<div class=\"elementor-widget-wrap\">\n\t\t\t\t\t\t\t<\/div>\n\t\t<\/div>\n\t\t\t\t\t<\/div>\n\t\t<\/section>\n\t\t\t\t<section class=\"elementor-section elementor-top-section elementor-element elementor-element-75a3ee1 elementor-section-boxed elementor-section-height-default elementor-section-height-default\" data-id=\"75a3ee1\" data-element_type=\"section\" data-e-type=\"section\">\n\t\t\t\t\t\t<div class=\"elementor-container elementor-column-gap-default\">\n\t\t\t\t\t<div class=\"elementor-column elementor-col-50 elementor-top-column elementor-element elementor-element-75c4dc6\" data-id=\"75c4dc6\" data-element_type=\"column\" data-e-type=\"column\">\n\t\t\t<div class=\"elementor-widget-wrap elementor-element-populated\">\n\t\t\t\t\t\t<div class=\"elementor-element elementor-element-ae09e79 elementor-widget elementor-widget-table-of-contents\" data-id=\"ae09e79\" data-element_type=\"widget\" data-e-type=\"widget\" data-settings=\"{&quot;headings_by_tags&quot;:[&quot;h2&quot;],&quot;exclude_headings_by_selector&quot;:[],&quot;marker_view&quot;:&quot;bullets&quot;,&quot;icon&quot;:{&quot;value&quot;:&quot;&quot;,&quot;library&quot;:&quot;&quot;},&quot;no_headings_message&quot;:&quot;Er zijn geen kopteksten gevonden op deze pagina.&quot;,&quot;min_height&quot;:{&quot;unit&quot;:&quot;px&quot;,&quot;size&quot;:&quot;&quot;,&quot;sizes&quot;:[]},&quot;min_height_tablet&quot;:{&quot;unit&quot;:&quot;px&quot;,&quot;size&quot;:&quot;&quot;,&quot;sizes&quot;:[]},&quot;min_height_mobile&quot;:{&quot;unit&quot;:&quot;px&quot;,&quot;size&quot;:&quot;&quot;,&quot;sizes&quot;:[]}}\" data-widget_type=\"table-of-contents.default\">\n\t\t\t\t<div class=\"elementor-widget-container\">\n\t\t\t\t\t\t\t\t\t<div class=\"elementor-toc__header\">\n\t\t\t\t\t\t<h4 class=\"elementor-toc__header-title\">\n\t\t\t\tEnhavo\t\t\t<\/h4>\n\t\t\t\t\t\t\t\t<\/div>\n\t\t\t\t<div id=\"elementor-toc__ae09e79\" class=\"elementor-toc__body\">\n\t\t\t<div class=\"elementor-toc__spinner-container\">\n\t\t\t\t<i class=\"elementor-toc__spinner eicon-animation-spin eicon-loading\" aria-hidden=\"true\"><\/i>\t\t\t<\/div>\n\t\t<\/div>\n\t\t\t\t\t\t<\/div>\n\t\t\t\t<\/div>\n\t\t\t\t\t<\/div>\n\t\t<\/div>\n\t\t\t\t<div class=\"elementor-column elementor-col-50 elementor-top-column elementor-element elementor-element-ecf7d7d\" data-id=\"ecf7d7d\" data-element_type=\"column\" data-e-type=\"column\">\n\t\t\t<div class=\"elementor-widget-wrap elementor-element-populated\">\n\t\t\t\t\t\t<div class=\"elementor-element elementor-element-05f92ff elementor-flip-box--effect-flip elementor-flip-box--direction-up elementor-widget elementor-widget-flip-box\" data-id=\"05f92ff\" data-element_type=\"widget\" data-e-type=\"widget\" data-widget_type=\"flip-box.default\">\n\t\t\t\t<div class=\"elementor-widget-container\">\n\t\t\t\t\t\t\t<div class=\"elementor-flip-box\" tabindex=\"0\">\n\t\t\t<div class=\"elementor-flip-box__layer elementor-flip-box__front\">\n\t\t\t\t<div class=\"elementor-flip-box__layer__overlay\">\n\t\t\t\t\t<div class=\"elementor-flip-box__layer__inner\">\n\t\t\t\t\t\t\t\t\t\t\t\t\t<div class=\"elementor-icon-wrapper elementor-view-default\">\n\t\t\t\t\t\t\t\t<div class=\"elementor-icon\">\n\t\t\t\t\t\t\t\t\t<i aria-hidden=\"true\" class=\"fab fa-medapps\"><\/i>\t\t\t\t\t\t\t\t<\/div>\n\t\t\t\t\t\t\t<\/div>\n\t\t\t\t\t\t\n\t\t\t\t\t\t\t\t\t\t\t\t\t<h3 class=\"elementor-flip-box__layer__title\">\n\t\t\t\t\t\t\t\t\u0108u vi volas kontribui al kurso?\t\t\t\t\t\t\t<\/h3>\n\t\t\t\t\t\t\n\t\t\t\t\t\t\t\t\t\t\t\t\t<div class=\"elementor-flip-box__layer__description\">\n\t\t\t\t\t\t\t\tLa Internacia Esperanto-Instituto laboras pri nova reta kurso la\u016d rekta metodo. \u0108u vi volas helpi? Sendi al ni mesa\u011don!\t\t\t\t\t\t\t<\/div>\n\t\t\t\t\t\t\t\t\t\t\t<\/div>\n\t\t\t\t<\/div>\n\t\t\t<\/div>\n\t\t\t<div class=\"elementor-flip-box__layer elementor-flip-box__back\">\n\t\t\t<div class=\"elementor-flip-box__layer__overlay\">\n\t\t\t\t<div class=\"elementor-flip-box__layer__inner\">\n\t\t\t\t\t\t\t\t\t\t\t<h3 class=\"elementor-flip-box__layer__title\">\n\t\t\t\t\t\t\t\u0108u vi volas kontribui?\t\t\t\t\t\t<\/h3>\n\t\t\t\t\t\n\t\t\t\t\t\t\t\t\t\t\t<div class=\"elementor-flip-box__layer__description\">\n\t\t\t\t\t\t\tBonvolu sendi al IEI mesa\u011don!\t\t\t\t\t\t<\/div>\n\t\t\t\t\t\n\t\t\t\t\t\t\t\t\t\t\t<a class=\"elementor-flip-box__button elementor-button elementor-size-sm\" href=\"mailto:iesperanto@versatel.nl\">\n\t\t\t\t\t\t\tSendu!\t\t\t\t\t\t<\/a>\n\t\t\t\t\t\t\t\t<\/div>\n\t\t<\/div>\n\t\t<\/div>\n\t\t<\/div>\n\t\t\t\t\t\t<\/div>\n\t\t\t\t<\/div>\n\t\t\t\t\t<\/div>\n\t\t<\/div>\n\t\t\t\t\t<\/div>\n\t\t<\/section>\n\t\t\t\t<section class=\"elementor-section elementor-top-section elementor-element elementor-element-f765085 elementor-section-boxed elementor-section-height-default elementor-section-height-default\" data-id=\"f765085\" data-element_type=\"section\" data-e-type=\"section\">\n\t\t\t\t\t\t<div class=\"elementor-container elementor-column-gap-default\">\n\t\t\t\t\t<div class=\"elementor-column elementor-col-100 elementor-top-column elementor-element elementor-element-de1eacf\" data-id=\"de1eacf\" data-element_type=\"column\" data-e-type=\"column\">\n\t\t\t<div class=\"elementor-widget-wrap elementor-element-populated\">\n\t\t\t\t\t\t<div class=\"elementor-element elementor-element-e76686f elementor-widget elementor-widget-text-editor\" data-id=\"e76686f\" data-element_type=\"widget\" data-e-type=\"widget\" data-widget_type=\"text-editor.default\">\n\t\t\t\t<div class=\"elementor-widget-container\">\n\t\t\t\t\t\t\t\t\t<p><strong>Beda\u016drinde IEI nuntempe ne havas kunlaborantojn kiuj povas \u011disdatigi la apon. La suba informo estas ne plu \u011disdatigata.<\/strong><\/p>\t\t\t\t\t\t\t\t<\/div>\n\t\t\t\t<\/div>\n\t\t\t\t\t<\/div>\n\t\t<\/div>\n\t\t\t\t\t<\/div>\n\t\t<\/section>\n\t\t\t\t<section class=\"elementor-section elementor-top-section elementor-element elementor-element-2841e60 elementor-section-boxed elementor-section-height-default elementor-section-height-default\" data-id=\"2841e60\" data-element_type=\"section\" data-e-type=\"section\">\n\t\t\t\t\t\t<div class=\"elementor-container elementor-column-gap-default\">\n\t\t\t\t\t<div class=\"elementor-column elementor-col-66 elementor-top-column elementor-element elementor-element-7850ba9\" data-id=\"7850ba9\" data-element_type=\"column\" data-e-type=\"column\">\n\t\t\t<div class=\"elementor-widget-wrap elementor-element-populated\">\n\t\t\t\t\t\t<div class=\"elementor-element elementor-element-0eda3e8 elementor-widget elementor-widget-heading\" data-id=\"0eda3e8\" data-element_type=\"widget\" data-e-type=\"widget\" data-widget_type=\"heading.default\">\n\t\t\t\t<div class=\"elementor-widget-container\">\n\t\t\t\t\t<h2 class=\"elementor-heading-title elementor-size-large\">Jam pli ol 9000 el\u015dutoj: Esperanto-kurso per rekta metodo kiel apo!<\/h2>\t\t\t\t<\/div>\n\t\t\t\t<\/div>\n\t\t\t\t<div class=\"elementor-element elementor-element-9070429 elementor-widget elementor-widget-text-editor\" data-id=\"9070429\" data-element_type=\"widget\" data-e-type=\"widget\" data-widget_type=\"text-editor.default\">\n\t\t\t\t<div class=\"elementor-widget-container\">\n\t\t\t\t\t\t\t\t\t<p><span style=\"color: var( --e-global-color-text ); font-family: var( --e-global-typography-text-font-family ), Sans-serif; font-weight: var( --e-global-typography-text-font-weight ); font-size: 1rem;\">IEI programis senpagajn <\/span><a style=\"font-family: var( --e-global-typography-text-font-family ), Sans-serif; font-weight: var( --e-global-typography-text-font-weight ); background-color: #ffffff; font-size: 1rem;\" href=\"https:\/\/eo.wikipedia.org\/wiki\/Android\">Android<\/a><span style=\"color: var( --e-global-color-text ); font-family: var( --e-global-typography-text-font-family ), Sans-serif; font-weight: var( --e-global-typography-text-font-weight ); font-size: 1rem;\">-apojn baze de la tre konata Esperanto-kurso <\/span><strong style=\"color: var( --e-global-color-text ); font-family: var( --e-global-typography-text-font-family ), Sans-serif; font-size: 1rem;\"><a href=\"https:\/\/eo.wikipedia.org\/wiki\/Esperanto_per_rekta_metodo\" target=\"_blank\" rel=\"noopener\"><em>Esperanto per rekta metodo<\/em><\/a><\/strong><span style=\"color: var( --e-global-color-text ); font-family: var( --e-global-typography-text-font-family ), Sans-serif; font-weight: var( --e-global-typography-text-font-weight ); font-size: 1rem;\">\u00a0de\u00a0<\/span><a style=\"font-family: var( --e-global-typography-text-font-family ), Sans-serif; font-weight: var( --e-global-typography-text-font-weight ); background-color: #ffffff; font-size: 1rem;\" href=\"https:\/\/eo.wikipedia.org\/wiki\/Stano_Mar%C4%8Dek\" target=\"_blank\" rel=\"noopener\">Stano Mar\u010dek!<\/a><\/p><p>Kvankam la kurso mem nur estas en Esperanto, \u011di por diversaj naciaj komunumoj aperis kiel libro kaj kiel kompakta disko kun nacilingvaj klarigoj.<\/p><p>Por el\u015duti kaj instali la apojn, bonvolu uzi la sekvajn butonojn:<\/p>\t\t\t\t\t\t\t\t<\/div>\n\t\t\t\t<\/div>\n\t\t\t\t<section class=\"elementor-section elementor-inner-section elementor-element elementor-element-d47cf7a elementor-section-boxed elementor-section-height-default elementor-section-height-default\" data-id=\"d47cf7a\" data-element_type=\"section\" data-e-type=\"section\">\n\t\t\t\t\t\t<div class=\"elementor-container elementor-column-gap-default\">\n\t\t\t\t\t<div class=\"elementor-column elementor-col-50 elementor-inner-column elementor-element elementor-element-ae6728a\" data-id=\"ae6728a\" data-element_type=\"column\" data-e-type=\"column\">\n\t\t\t<div class=\"elementor-widget-wrap elementor-element-populated\">\n\t\t\t\t\t\t<div class=\"elementor-element elementor-element-59f50d7 elementor-align-center elementor-widget elementor-widget-button\" data-id=\"59f50d7\" data-element_type=\"widget\" data-e-type=\"widget\" data-widget_type=\"button.default\">\n\t\t\t\t<div class=\"elementor-widget-container\">\n\t\t\t\t\t\t\t\t\t<div class=\"elementor-button-wrapper\">\n\t\t\t\t\t<a class=\"elementor-button elementor-button-link elementor-size-sm\" href=\"https:\/\/play.google.com\/store\/apps\/details?id=com.embarcadero.esperanto\">\n\t\t\t\t\t\t<span class=\"elementor-button-content-wrapper\">\n\t\t\t\t\t\t\t\t\t<span class=\"elementor-button-text\">Volumo 1 (leciono 1-11)<\/span>\n\t\t\t\t\t<\/span>\n\t\t\t\t\t<\/a>\n\t\t\t\t<\/div>\n\t\t\t\t\t\t\t\t<\/div>\n\t\t\t\t<\/div>\n\t\t\t\t\t<\/div>\n\t\t<\/div>\n\t\t\t\t<div class=\"elementor-column elementor-col-50 elementor-inner-column elementor-element elementor-element-9709ffd\" data-id=\"9709ffd\" data-element_type=\"column\" data-e-type=\"column\">\n\t\t\t<div class=\"elementor-widget-wrap elementor-element-populated\">\n\t\t\t\t\t\t<div class=\"elementor-element elementor-element-a363665 elementor-align-center elementor-widget elementor-widget-button\" data-id=\"a363665\" data-element_type=\"widget\" data-e-type=\"widget\" data-widget_type=\"button.default\">\n\t\t\t\t<div class=\"elementor-widget-container\">\n\t\t\t\t\t\t\t\t\t<div class=\"elementor-button-wrapper\">\n\t\t\t\t\t<a class=\"elementor-button elementor-button-link elementor-size-sm\" href=\"https:\/\/play.google.com\/store\/apps\/details?id=com.embarcadero.esperantoplus\">\n\t\t\t\t\t\t<span class=\"elementor-button-content-wrapper\">\n\t\t\t\t\t\t\t\t\t<span class=\"elementor-button-text\">Volumo 2 (leciono 12-22)<\/span>\n\t\t\t\t\t<\/span>\n\t\t\t\t\t<\/a>\n\t\t\t\t<\/div>\n\t\t\t\t\t\t\t\t<\/div>\n\t\t\t\t<\/div>\n\t\t\t\t\t<\/div>\n\t\t<\/div>\n\t\t\t\t\t<\/div>\n\t\t<\/section>\n\t\t\t\t<div class=\"elementor-element elementor-element-7159300 elementor-widget elementor-widget-text-editor\" data-id=\"7159300\" data-element_type=\"widget\" data-e-type=\"widget\" data-widget_type=\"text-editor.default\">\n\t\t\t\t<div class=\"elementor-widget-container\">\n\t\t\t\t\t\t\t\t\t<p>Certe prirakontu al ne-esperantistoj!<\/p>\t\t\t\t\t\t\t\t<\/div>\n\t\t\t\t<\/div>\n\t\t\t\t\t<\/div>\n\t\t<\/div>\n\t\t\t\t<div class=\"elementor-column elementor-col-33 elementor-top-column elementor-element elementor-element-9d838e8\" data-id=\"9d838e8\" data-element_type=\"column\" data-e-type=\"column\">\n\t\t\t<div class=\"elementor-widget-wrap elementor-element-populated\">\n\t\t\t\t\t\t<div class=\"elementor-element elementor-element-36e0dec elementor-widget elementor-widget-image\" data-id=\"36e0dec\" data-element_type=\"widget\" data-e-type=\"widget\" data-widget_type=\"image.default\">\n\t\t\t\t<div class=\"elementor-widget-container\">\n\t\t\t\t\t\t\t\t\t\t\t\t\t\t\t\t<a href=\"https:\/\/play.google.com\/store\/apps\/details?id=com.embarcadero.esperanto\">\n\t\t\t\t\t\t\t<img fetchpriority=\"high\" decoding=\"async\" width=\"334\" height=\"493\" src=\"https:\/\/www.iei.nl\/wp-content\/uploads\/screen-0.jpg\" class=\"attachment-large size-large wp-image-844\" alt=\"\" srcset=\"https:\/\/www.iei.nl\/wp-content\/uploads\/screen-0.jpg 334w, https:\/\/www.iei.nl\/wp-content\/uploads\/screen-0-203x300.jpg 203w\" sizes=\"(max-width: 334px) 100vw, 334px\" \/>\t\t\t\t\t\t\t\t<\/a>\n\t\t\t\t\t\t\t\t\t\t\t\t\t\t\t<\/div>\n\t\t\t\t<\/div>\n\t\t\t\t\t<\/div>\n\t\t<\/div>\n\t\t\t\t\t<\/div>\n\t\t<\/section>\n\t\t\t\t<section class=\"elementor-section elementor-top-section elementor-element elementor-element-ff2a93f elementor-section-boxed elementor-section-height-default elementor-section-height-default\" data-id=\"ff2a93f\" data-element_type=\"section\" data-e-type=\"section\">\n\t\t\t\t\t\t<div class=\"elementor-container elementor-column-gap-default\">\n\t\t\t\t\t<div class=\"elementor-column elementor-col-50 elementor-top-column elementor-element elementor-element-15d0234\" data-id=\"15d0234\" data-element_type=\"column\" data-e-type=\"column\">\n\t\t\t<div class=\"elementor-widget-wrap elementor-element-populated\">\n\t\t\t\t\t\t<div class=\"elementor-element elementor-element-6cffdf4 elementor-widget elementor-widget-heading\" data-id=\"6cffdf4\" data-element_type=\"widget\" data-e-type=\"widget\" data-widget_type=\"heading.default\">\n\t\t\t\t<div class=\"elementor-widget-container\">\n\t\t\t\t\t<h2 class=\"elementor-heading-title elementor-size-large\">Pri apoj<\/h2>\t\t\t\t<\/div>\n\t\t\t\t<\/div>\n\t\t\t\t<div class=\"elementor-element elementor-element-5135e04 elementor-widget elementor-widget-text-editor\" data-id=\"5135e04\" data-element_type=\"widget\" data-e-type=\"widget\" data-widget_type=\"text-editor.default\">\n\t\t\t\t<div class=\"elementor-widget-container\">\n\t\t\t\t\t\t\t\t\t<p><span style=\"font-weight: bolder;\">Apo<\/span>\u00a0(mallongigo de\u00a0<em>aplika\u0135o<\/em>) estas komputilprogramo por t.n. plurfunkciaj po\u015dtelefonoj.<\/p><p>Ekzistas almena\u016d tri specoj de apoj:<\/p><ul style=\"font-size: 16px; background-color: #ffffff;\"><li style=\"font-size: 16px;\">Apoj kiuj (nur) funkcias en telefonoj de Apple (i.a. iPhone);<\/li><li style=\"font-size: 16px;\">Apoj kiuj (nur) funkcias en\u00a0<a style=\"color: #007d13;\" href=\"https:\/\/eo.wikipedia.org\/wiki\/Android\" target=\"_blank\" rel=\"noopener\">Android<\/a>-telefonoj (i.a. Samsung);<\/li><li style=\"font-size: 16px;\">Apoj kiuj (nur) funkcias en Windows-telefonoj (i.a. Nokia).<\/li><\/ul><p>\u00a0<\/p><p>Oni nur povas el\u015duti kaj instali apojn per la butikoj de tiuj firmaoj:<\/p><ul style=\"font-size: 16px; background-color: #ffffff;\"><li style=\"font-size: 16px;\"><a style=\"color: #007d13;\" href=\"https:\/\/eo.wikipedia.org\/wiki\/Android\" target=\"_blank\" rel=\"noopener\">Android<\/a>-apoj nur per la apobutiko de Google;<\/li><li style=\"font-size: 16px;\">Por Apple estas konata la apo\u00a0<a style=\"color: #007d13;\" href=\"https:\/\/eo.wikipedia.org\/wiki\/Duolingo\" target=\"_blank\" rel=\"noopener\">Duolingo<\/a>: por multaj lingvoj \u011di havas lingvan lernilon, nun anka\u016d por Esperanto. Tamen per \u011di oni povas lerni Esperanton nur per la angla lingvo a\u016d per la hispana lingvo.<\/li><\/ul>\t\t\t\t\t\t\t\t<\/div>\n\t\t\t\t<\/div>\n\t\t\t\t\t<\/div>\n\t\t<\/div>\n\t\t\t\t<div class=\"elementor-column elementor-col-50 elementor-top-column elementor-element elementor-element-162c850\" data-id=\"162c850\" data-element_type=\"column\" data-e-type=\"column\">\n\t\t\t<div class=\"elementor-widget-wrap elementor-element-populated\">\n\t\t\t\t\t\t<div class=\"elementor-element elementor-element-9f897d4 elementor-widget elementor-widget-heading\" data-id=\"9f897d4\" data-element_type=\"widget\" data-e-type=\"widget\" data-widget_type=\"heading.default\">\n\t\t\t\t<div class=\"elementor-widget-container\">\n\t\t\t\t\t<h2 class=\"elementor-heading-title elementor-size-large\">Pri la apofarado<\/h2>\t\t\t\t<\/div>\n\t\t\t\t<\/div>\n\t\t\t\t<div class=\"elementor-element elementor-element-999476a elementor-widget elementor-widget-text-editor\" data-id=\"999476a\" data-element_type=\"widget\" data-e-type=\"widget\" data-widget_type=\"text-editor.default\">\n\t\t\t\t<div class=\"elementor-widget-container\">\n\t\t\t\t\t\t\t\t\t<p><a href=\"https:\/\/eo.wikipedia.org\/wiki\/Piet_Buijnsters\" target=\"_blank\" rel=\"noopener\">Piet Buijnsters<\/a>, la programisto, uzis por la apo la tre trafajn kaj instruajn desegna\u0135ojn de Linda Mar\u010dekova el la kursolibro kaj kiam oni klakas a\u016d tu\u015das la tekstojn de la kurso oni anka\u016d tuj povas a\u016ddi la klaran prononcadon.\u00a0<span style=\"font-size: 1rem;\">En \u011di anka\u016d estas la ekzercoj kaj taskoj de la libro.<\/span><\/p><p><span style=\"font-size: 1rem;\">La apo rigore sekvas la ta\u016dgan, metodan instrulinion de la kurso, sed kompreneble oni povas mem elekti sinsekvon kaj rapidon, \u0109ar granda avanta\u011do de la kurso kiel apo estas ke tiuj kiuj havas plurfukcian po\u015dtelefonon la\u016d \u015dato kaj en diversaj cirkonstancoj povas uzi \u011din kaj lerni Esperanton: kiam oni veturas en trajno, kiam oni devas ie atendi, preska\u016d \u0109ie ajn kaj \u0109iam ajn.<\/span><\/p>\t\t\t\t\t\t\t\t<\/div>\n\t\t\t\t<\/div>\n\t\t\t\t\t<\/div>\n\t\t<\/div>\n\t\t\t\t\t<\/div>\n\t\t<\/section>\n\t\t\t\t<\/div>\n\t\t","protected":false},"excerpt":{"rendered":"<p>Apo Enhavo \u0108u vi volas kontribui al kurso? La Internacia Esperanto-Instituto laboras pri nova reta kurso la\u016d rekta metodo. \u0108u vi volas helpi? Sendi al ni mesa\u011don! \u0108u vi volas kontribui? Bonvolu sendi al IEI mesa\u011don! Sendu! Beda\u016drinde IEI nuntempe ne havas kunlaborantojn kiuj povas \u011disdatigi la apon. La suba informo estas ne plu \u011disdatigata. [&hellip;]<\/p>\n","protected":false},"author":4,"featured_media":0,"parent":0,"menu_order":0,"comment_status":"closed","ping_status":"closed","template":"","meta":{"footnotes":""},"class_list":["post-1055","page","type-page","status-publish","hentry"],"_links":{"self":[{"href":"https:\/\/www.iei.nl\/nl_nl\/wp-json\/wp\/v2\/pages\/1055","targetHints":{"allow":["GET"]}}],"collection":[{"href":"https:\/\/www.iei.nl\/nl_nl\/wp-json\/wp\/v2\/pages"}],"about":[{"href":"https:\/\/www.iei.nl\/nl_nl\/wp-json\/wp\/v2\/types\/page"}],"author":[{"embeddable":true,"href":"https:\/\/www.iei.nl\/nl_nl\/wp-json\/wp\/v2\/users\/4"}],"replies":[{"embeddable":true,"href":"https:\/\/www.iei.nl\/nl_nl\/wp-json\/wp\/v2\/comments?post=1055"}],"version-history":[{"count":36,"href":"https:\/\/www.iei.nl\/nl_nl\/wp-json\/wp\/v2\/pages\/1055\/revisions"}],"predecessor-version":[{"id":2153,"href":"https:\/\/www.iei.nl\/nl_nl\/wp-json\/wp\/v2\/pages\/1055\/revisions\/2153"}],"wp:attachment":[{"href":"https:\/\/www.iei.nl\/nl_nl\/wp-json\/wp\/v2\/media?parent=1055"}],"curies":[{"name":"wp","href":"https:\/\/api.w.org\/{rel}","templated":true}]}}