{"id":1222,"date":"2020-02-25T13:34:04","date_gmt":"2020-02-25T12:34:04","guid":{"rendered":"http:\/\/www.iei.nl\/?page_id=1222"},"modified":"2025-05-17T10:24:39","modified_gmt":"2025-05-17T08:24:39","slug":"lernejoj","status":"publish","type":"page","link":"https:\/\/www.iei.nl\/nl_nl\/lernejoj\/","title":{"rendered":"Scholen"},"content":{"rendered":"\t\t<div data-elementor-type=\"wp-page\" data-elementor-id=\"1222\" class=\"elementor elementor-1222\" data-elementor-post-type=\"page\">\n\t\t\t\t\t\t<section class=\"elementor-section elementor-top-section elementor-element elementor-element-471d748 elementor-section-boxed elementor-section-height-default elementor-section-height-default\" data-id=\"471d748\" data-element_type=\"section\" data-e-type=\"section\">\n\t\t\t\t\t\t<div class=\"elementor-container elementor-column-gap-default\">\n\t\t\t\t\t<div class=\"elementor-column elementor-col-100 elementor-top-column elementor-element elementor-element-9a5460b\" data-id=\"9a5460b\" data-element_type=\"column\" data-e-type=\"column\">\n\t\t\t<div class=\"elementor-widget-wrap\">\n\t\t\t\t\t\t\t<\/div>\n\t\t<\/div>\n\t\t\t\t\t<\/div>\n\t\t<\/section>\n\t\t\t\t<section class=\"elementor-section elementor-top-section elementor-element elementor-element-4e6f92c elementor-section-boxed elementor-section-height-default elementor-section-height-default\" data-id=\"4e6f92c\" data-element_type=\"section\" data-e-type=\"section\" data-settings=\"{&quot;background_background&quot;:&quot;slideshow&quot;,&quot;background_slideshow_gallery&quot;:[{&quot;id&quot;:1223,&quot;url&quot;:&quot;http:\\\/\\\/www.iei.nl\\\/wp-content\\\/uploads\\\/CCI27022019_0007.jpeg&quot;}],&quot;background_slideshow_loop&quot;:&quot;yes&quot;,&quot;background_slideshow_slide_duration&quot;:5000,&quot;background_slideshow_slide_transition&quot;:&quot;fade&quot;,&quot;background_slideshow_transition_duration&quot;:500}\">\n\t\t\t\t\t\t\t<div class=\"elementor-background-overlay\"><\/div>\n\t\t\t\t\t\t\t<div class=\"elementor-container elementor-column-gap-default\">\n\t\t\t\t\t<div class=\"elementor-column elementor-col-100 elementor-top-column elementor-element elementor-element-cf73746\" data-id=\"cf73746\" data-element_type=\"column\" data-e-type=\"column\">\n\t\t\t<div class=\"elementor-widget-wrap elementor-element-populated\">\n\t\t\t\t\t\t<div class=\"elementor-element elementor-element-4e27739 elementor-widget elementor-widget-heading\" data-id=\"4e27739\" data-element_type=\"widget\" data-e-type=\"widget\" data-widget_type=\"heading.default\">\n\t\t\t\t<div class=\"elementor-widget-container\">\n\t\t\t\t\t<h2 class=\"elementor-heading-title elementor-size-default\">Esperanto-leciono en via lernejo? <br class=\"Apple-interchange-newline\"><font color=\"#007d13\"><span>Ni interkonsentu daton!<\/span><\/font><\/h2>\t\t\t\t<\/div>\n\t\t\t\t<\/div>\n\t\t\t\t<div class=\"elementor-element elementor-element-65cc0ac elementor-widget elementor-widget-text-editor\" data-id=\"65cc0ac\" data-element_type=\"widget\" data-e-type=\"widget\" data-widget_type=\"text-editor.default\">\n\t\t\t\t<div class=\"elementor-widget-container\">\n\t\t\t\t\t\t\t\t\t<p>Dum sia 90-jara agado, Internacia Esperanto-Instituto \u0109iam havis instruan rolon. Anka\u016d nun IEI oferas edukan programeton por lernejoj.<\/p><h3>Kial Esperanto por lernejanoj?<\/h3><p>Esperanto estas tre amuza lingvo por infanoj! Ili povas facile kaj rapide ekludi per la lingvo, dank&#8217; al la facila gramatiko. La bazajn regulojn lernejanoj en unu leciono lernas kaj novajn frazojn kaj e\u0109 vortojn\u00a0<span style=\"background-color: rgba(255, 255, 255, 0); font-size: 1rem;\">ili povas ekkrei tuj poste. La forto de Esperanto por infanoj estas en tiu kvalito.<\/span><\/p><p><span style=\"background-color: rgba(255, 255, 255, 0); font-size: 1rem;\">Esperanto allogas amba\u016d\u00a0<\/span><span style=\"background-color: rgba(255, 255, 255, 0);\">\u03b1- kaj\u00a0<\/span><span style=\"background-color: rgba(255, 255, 255, 0); font-size: 1rem;\">\u03b2-lernejanojn pro siaj grandaj historio kaj kulturo, kaj la regula, preska\u016d matematika logiko. IEI \u015datus enkonduki la lingvon kaj \u011diajn eblojn al la infanoj de via lernejo!<\/span><\/p>\t\t\t\t\t\t\t\t<\/div>\n\t\t\t\t<\/div>\n\t\t\t\t<div class=\"elementor-element elementor-element-4fd28ae elementor-align-center elementor-widget elementor-widget-button\" data-id=\"4fd28ae\" data-element_type=\"widget\" data-e-type=\"widget\" data-widget_type=\"button.default\">\n\t\t\t\t<div class=\"elementor-widget-container\">\n\t\t\t\t\t\t\t\t\t<div class=\"elementor-button-wrapper\">\n\t\t\t\t\t<a class=\"elementor-button elementor-button-link elementor-size-sm\" href=\"mailto:esperanto@iei.nl\">\n\t\t\t\t\t\t<span class=\"elementor-button-content-wrapper\">\n\t\t\t\t\t\t\t\t\t<span class=\"elementor-button-text\">Ni interkonsentu la plej bonan aran\u011don por vi<\/span>\n\t\t\t\t\t<\/span>\n\t\t\t\t\t<\/a>\n\t\t\t\t<\/div>\n\t\t\t\t\t\t\t\t<\/div>\n\t\t\t\t<\/div>\n\t\t\t\t\t<\/div>\n\t\t<\/div>\n\t\t\t\t\t<\/div>\n\t\t<\/section>\n\t\t\t\t<\/div>\n\t\t","protected":false},"excerpt":{"rendered":"<p>Esperanto-leciono en via lernejo? Ni interkonsentu daton! Dum sia 90-jara agado, Internacia Esperanto-Instituto \u0109iam havis instruan rolon. Anka\u016d nun IEI oferas edukan programeton por lernejoj. Kial Esperanto por lernejanoj? Esperanto estas tre amuza lingvo por infanoj! Ili povas facile kaj rapide ekludi per la lingvo, dank&#8217; al la facila gramatiko. La bazajn regulojn lernejanoj en [&hellip;]<\/p>\n","protected":false},"author":4,"featured_media":0,"parent":0,"menu_order":0,"comment_status":"closed","ping_status":"closed","template":"","meta":{"footnotes":""},"class_list":["post-1222","page","type-page","status-publish","hentry"],"_links":{"self":[{"href":"https:\/\/www.iei.nl\/nl_nl\/wp-json\/wp\/v2\/pages\/1222","targetHints":{"allow":["GET"]}}],"collection":[{"href":"https:\/\/www.iei.nl\/nl_nl\/wp-json\/wp\/v2\/pages"}],"about":[{"href":"https:\/\/www.iei.nl\/nl_nl\/wp-json\/wp\/v2\/types\/page"}],"author":[{"embeddable":true,"href":"https:\/\/www.iei.nl\/nl_nl\/wp-json\/wp\/v2\/users\/4"}],"replies":[{"embeddable":true,"href":"https:\/\/www.iei.nl\/nl_nl\/wp-json\/wp\/v2\/comments?post=1222"}],"version-history":[{"count":8,"href":"https:\/\/www.iei.nl\/nl_nl\/wp-json\/wp\/v2\/pages\/1222\/revisions"}],"predecessor-version":[{"id":2517,"href":"https:\/\/www.iei.nl\/nl_nl\/wp-json\/wp\/v2\/pages\/1222\/revisions\/2517"}],"wp:attachment":[{"href":"https:\/\/www.iei.nl\/nl_nl\/wp-json\/wp\/v2\/media?parent=1222"}],"curies":[{"name":"wp","href":"https:\/\/api.w.org\/{rel}","templated":true}]}}