{"id":1314,"date":"2020-08-18T12:42:55","date_gmt":"2020-08-18T10:42:55","guid":{"rendered":"http:\/\/www.iei.nl\/?page_id=1314"},"modified":"2021-03-13T15:22:44","modified_gmt":"2021-03-13T14:22:44","slug":"jubileo90","status":"publish","type":"page","link":"https:\/\/www.iei.nl\/nl_nl\/jubileo90\/","title":{"rendered":"Negentigste jubileum"},"content":{"rendered":"<div data-elementor-type=\"wp-page\" data-elementor-id=\"1314\" class=\"elementor elementor-1314\" data-elementor-post-type=\"page\">\n\t\t\t\t\t\t<section class=\"elementor-section elementor-top-section elementor-element elementor-element-c8e4542 elementor-section-boxed elementor-section-height-default elementor-section-height-default\" data-id=\"c8e4542\" data-element_type=\"section\" data-e-type=\"section\">\n\t\t\t\t\t\t<div class=\"elementor-container elementor-column-gap-default\">\n\t\t\t\t\t<div class=\"elementor-column elementor-col-100 elementor-top-column elementor-element elementor-element-14fd4d9\" data-id=\"14fd4d9\" data-element_type=\"column\" data-e-type=\"column\">\n\t\t\t<div class=\"elementor-widget-wrap elementor-element-populated\">\n\t\t\t\t\t\t<div class=\"elementor-element elementor-element-093d45d elementor-widget elementor-widget-heading\" data-id=\"093d45d\" data-element_type=\"widget\" data-e-type=\"widget\" data-widget_type=\"heading.default\">\n\t\t\t\t<div class=\"elementor-widget-container\">\n\t\t\t\t\t<h2 class=\"elementor-heading-title elementor-size-default\"><b>Reta festo 2020<\/b> \u0109e IEI okaze de la 90-jara jubileo!<\/h2>\t\t\t\t<\/div>\n\t\t\t\t<\/div>\n\t\t\t\t\t<\/div>\n\t\t<\/div>\n\t\t\t\t\t<\/div>\n\t\t<\/section>\n\t\t\t\t<section class=\"elementor-section elementor-top-section elementor-element elementor-element-b071b22 elementor-section-boxed elementor-section-height-default elementor-section-height-default\" data-id=\"b071b22\" data-element_type=\"section\" data-e-type=\"section\" data-settings=\"{&quot;background_background&quot;:&quot;classic&quot;}\">\n\t\t\t\t\t\t<div class=\"elementor-container elementor-column-gap-default\">\n\t\t\t\t\t<div class=\"elementor-column elementor-col-50 elementor-top-column elementor-element elementor-element-e67f360\" data-id=\"e67f360\" data-element_type=\"column\" data-e-type=\"column\" data-settings=\"{&quot;background_background&quot;:&quot;classic&quot;}\">\n\t\t\t<div class=\"elementor-widget-wrap elementor-element-populated\">\n\t\t\t\t\t\t<div class=\"elementor-element elementor-element-d45da06 elementor-widget elementor-widget-image\" data-id=\"d45da06\" data-element_type=\"widget\" data-e-type=\"widget\" data-widget_type=\"image.default\">\n\t\t\t\t<div class=\"elementor-widget-container\">\n\t\t\t\t\t\t\t\t\t\t\t\t\t\t\t<img fetchpriority=\"high\" decoding=\"async\" width=\"1303\" height=\"1973\" src=\"https:\/\/www.iei.nl\/wp-content\/uploads\/Festtabelo.png\" class=\"attachment-full size-full wp-image-1292\" alt=\"\" srcset=\"https:\/\/www.iei.nl\/wp-content\/uploads\/Festtabelo.png 1303w, https:\/\/www.iei.nl\/wp-content\/uploads\/Festtabelo-198x300.png 198w, https:\/\/www.iei.nl\/wp-content\/uploads\/Festtabelo-676x1024.png 676w, https:\/\/www.iei.nl\/wp-content\/uploads\/Festtabelo-768x1163.png 768w, https:\/\/www.iei.nl\/wp-content\/uploads\/Festtabelo-1014x1536.png 1014w\" sizes=\"(max-width: 1303px) 100vw, 1303px\" \/>\t\t\t\t\t\t\t\t\t\t\t\t\t\t\t<\/div>\n\t\t\t\t<\/div>\n\t\t\t\t<div class=\"elementor-element elementor-element-27657a6 elementor-position-inline-end elementor-view-default elementor-mobile-position-block-start elementor-widget elementor-widget-icon-box\" data-id=\"27657a6\" data-element_type=\"widget\" data-e-type=\"widget\" data-widget_type=\"icon-box.default\">\n\t\t\t\t<div class=\"elementor-widget-container\">\n\t\t\t\t\t\t\t<div class=\"elementor-icon-box-wrapper\">\n\n\t\t\t\t\t\t<div class=\"elementor-icon-box-icon\">\n\t\t\t\t<a href=\"https:\/\/www.facebook.com\/events\/286363485839118\/\" class=\"elementor-icon\" tabindex=\"-1\" aria-label=\"la Facebook-pa\u011do\">\n\t\t\t\t<i aria-hidden=\"true\" class=\"fab fa-facebook\"><\/i>\t\t\t\t<\/a>\n\t\t\t<\/div>\n\t\t\t\n\t\t\t\t\t\t<div class=\"elementor-icon-box-content\">\n\n\t\t\t\t\t\t\t\t\t<h4 class=\"elementor-icon-box-title\">\n\t\t\t\t\t\t<a href=\"https:\/\/www.facebook.com\/events\/286363485839118\/\" >\n\t\t\t\t\t\t\tla Facebook-pa\u011do\t\t\t\t\t\t<\/a>\n\t\t\t\t\t<\/h4>\n\t\t\t\t\n\t\t\t\t\n\t\t\t<\/div>\n\t\t\t\n\t\t<\/div>\n\t\t\t\t\t\t<\/div>\n\t\t\t\t<\/div>\n\t\t\t\t<div class=\"elementor-element elementor-element-f4a72cf elementor-position-inline-end elementor-view-default elementor-mobile-position-block-start elementor-widget elementor-widget-icon-box\" data-id=\"f4a72cf\" data-element_type=\"widget\" data-e-type=\"widget\" data-widget_type=\"icon-box.default\">\n\t\t\t\t<div class=\"elementor-widget-container\">\n\t\t\t\t\t\t\t<div class=\"elementor-icon-box-wrapper\">\n\n\t\t\t\t\t\t<div class=\"elementor-icon-box-icon\">\n\t\t\t\t<a href=\"http:\/\/www.iei.nl\/wp-content\/uploads\/Festtabelo-pdf.pdf\" class=\"elementor-icon\" tabindex=\"-1\" aria-label=\"download het programma\">\n\t\t\t\t<i aria-hidden=\"true\" class=\"fas fa-file-pdf\"><\/i>\t\t\t\t<\/a>\n\t\t\t<\/div>\n\t\t\t\n\t\t\t\t\t\t<div class=\"elementor-icon-box-content\">\n\n\t\t\t\t\t\t\t\t\t<h4 class=\"elementor-icon-box-title\">\n\t\t\t\t\t\t<a href=\"http:\/\/www.iei.nl\/wp-content\/uploads\/Festtabelo-pdf.pdf\" >\n\t\t\t\t\t\t\tdownload het programma\t\t\t\t\t\t<\/a>\n\t\t\t\t\t<\/h4>\n\t\t\t\t\n\t\t\t\t\n\t\t\t<\/div>\n\t\t\t\n\t\t<\/div>\n\t\t\t\t\t\t<\/div>\n\t\t\t\t<\/div>\n\t\t\t\t\t<\/div>\n\t\t<\/div>\n\t\t\t\t<div class=\"elementor-column elementor-col-50 elementor-top-column elementor-element elementor-element-041798a\" data-id=\"041798a\" data-element_type=\"column\" data-e-type=\"column\" data-settings=\"{&quot;background_background&quot;:&quot;classic&quot;}\">\n\t\t\t<div class=\"elementor-widget-wrap elementor-element-populated\">\n\t\t\t\t\t\t<div class=\"elementor-element elementor-element-ca3c589 elementor-widget elementor-widget-text-editor\" data-id=\"ca3c589\" data-element_type=\"widget\" data-e-type=\"widget\" data-widget_type=\"text-editor.default\">\n\t\t\t\t<div class=\"elementor-widget-container\">\n\t\t\t\t\t\t\t\t\t<p><span style=\"color: #007d13; font-family: Rubik, sans-serif; font-size: 23px; white-space: pre-wrap;\">La 12-an de septembro 2020 inter 11:00 kaj 17:00 okazis <\/span><span style=\"font-family: Rubik, sans-serif; font-size: 23px; white-space: pre-wrap; color: #000000;\"><span style=\"font-weight: bold;\">reta festo okaze de la 90-a jubileo de IEI!<\/span><\/span><\/p>\t\t\t\t\t\t\t\t<\/div>\n\t\t\t\t<\/div>\n\t\t\t\t<div class=\"elementor-element elementor-element-63a247b elementor-widget elementor-widget-text-editor\" data-id=\"63a247b\" data-element_type=\"widget\" data-e-type=\"widget\" data-widget_type=\"text-editor.default\">\n\t\t\t\t<div class=\"elementor-widget-container\">\n\t\t\t\t\t\t\t\t\t<div style=\"color: rgba(0, 0, 0, 0.5); font-family: Rubik, sans-serif;\"><span style=\"color: #000000;\">La nuna jaro estas festjaro por IEI: la Instituto ekzistas 90 jarojn kaj anka\u016d estas la Jaro de Julia Isbr\u00fccker, unu el la fondintoj de IEI.<\/span><\/div><div style=\"color: rgba(0, 0, 0, 0.5); font-family: Rubik, sans-serif;\">\u00a0<\/div><div><div style=\"color: rgba(0, 0, 0, 0.5); font-family: Rubik, sans-serif;\"><span style=\"color: #000000;\">Beda\u016drinde, pro la koronvirusaj limigoj ni ne povis organizi la feston en la sidejo de Internacia Esperanto-Instituto en Hago kaj ne \u0109iuj niaj amikoj el la tuta mondo povis veni al Hago. Do ni festis rete!<\/span><\/div><div style=\"color: rgba(0, 0, 0, 0.5); font-family: Rubik, sans-serif;\">\u00a0<\/div><div style=\"color: rgba(0, 0, 0, 0.5); font-family: Rubik, sans-serif;\"><span style=\"color: #000000;\">La 12-an de septembro 2020 ni festis anka\u016d la 125-an naski\u011ddatrevenon de Andreo Cseh.\u00a0<\/span><\/div><div style=\"color: rgba(0, 0, 0, 0.5); font-family: Rubik, sans-serif;\">\u00a0<\/div><div style=\"color: rgba(0, 0, 0, 0.5); font-family: Rubik, sans-serif;\"><span style=\"color: #000000;\">Kune ni lernis pli pri IEI, Andreo Cseh, Julia Isbr\u00fccker, Cseh-instruado kaj kompreneble Esperanto pere de diversaj prelegoj dum la tago.<\/span><\/div><div><div style=\"color: rgba(0, 0, 0, 0.5); font-family: Rubik, sans-serif;\">\u00a0<\/div><div style=\"color: rgba(0, 0, 0, 0.5); font-family: Rubik, sans-serif;\"><span style=\"color: #000000;\">La estraro dankas \u0109iujn partoprenin<\/span><span style=\"color: #000000;\">tojn kaj prelegintojn.<\/span><\/div><div style=\"color: rgba(0, 0, 0, 0.5); font-family: Rubik, sans-serif;\"><span style=\"color: #000000;\">\u00a0<\/span><\/div><div><h4 style=\"color: rgba(0, 0, 0, 0.5); font-family: Rubik, sans-serif;\"><span style=\"color: #000000;\"><span style=\"font-weight: bold;\">Resumo<\/span><\/span><\/h4><div style=\"color: rgba(0, 0, 0, 0.5); font-family: Rubik, sans-serif;\"><span style=\"color: #000000;\">La tago komenci\u011dis per la historiaj enkondukoj pri\u00a0<\/span><span style=\"color: #000000; font-weight: var( --e-global-typography-text-font-weight ); font-size: 1rem;\">IEI, Andreo Cseh kaj Julia Isbr\u00fccker. La fondintoj de IEI povas inspiri \u0109iujn esperantistojn per siaj enegiaj agadoj en, dum kaj post la dua mondmilito.<\/span><\/div><div style=\"color: rgba(0, 0, 0, 0.5); font-family: Rubik, sans-serif;\"><span style=\"color: #000000; font-weight: var( --e-global-typography-text-font-weight ); font-size: 1rem;\">\u00a0<\/span><\/div><div style=\"color: rgba(0, 0, 0, 0.5); font-family: Rubik, sans-serif;\"><span style=\"color: #000000; font-weight: var( --e-global-typography-text-font-weight ); font-size: 1rem;\">\u0134omart kaj Nata\u015da kontribuis per muzika programero. Ili sendis specialan gratulfilmeton por la jubileo kaj elektis el sia kantaro kelkajn kantojn.<\/span><\/div><div style=\"color: rgba(0, 0, 0, 0.5); font-family: Rubik, sans-serif;\"><span style=\"color: #000000; font-weight: var( --e-global-typography-text-font-weight ); font-size: 1rem;\">\u00a0<\/span><\/div><div style=\"color: rgba(0, 0, 0, 0.5); font-family: Rubik, sans-serif;\"><span style=\"color: #000000; font-weight: var( --e-global-typography-text-font-weight ); font-size: 1rem;\">Zs\u00f3fia K\u00f3r\u00f3dy kaj Peter Zilvar priparolis siajn spertojn pri Esperanto-instruado kaj la Cseh-metodo.\u00a0<\/span><span style=\"color: #000000; font-size: 1rem; font-weight: var( --e-global-typography-text-font-weight );\">Kompreneble \u0109i tiu programero gravas speciale al IEI, la instituto de Andreo Cseh.<\/span><\/div><div style=\"color: rgba(0, 0, 0, 0.5); font-family: Rubik, sans-serif;\"><span style=\"color: #000000; font-size: 1rem; font-weight: var( --e-global-typography-text-font-weight );\">\u00a0<\/span><\/div><div style=\"color: rgba(0, 0, 0, 0.5); font-family: Rubik, sans-serif;\"><span style=\"color: #000000; font-weight: var( --e-global-typography-text-font-weight ); font-size: 1rem;\">Je la 13-a horo Bert de Wit kaj Saskia Veen prezentis novan jubilean kanton, kiun Saskia verkis por la festo pri IEI. Tre bele kantis Bert kaj harpis<\/span><span style=\"color: #000000; font-weight: var( --e-global-typography-text-font-weight ); font-size: 1rem;\">\u00a0Saskia.<\/span><\/div><div style=\"color: rgba(0, 0, 0, 0.5); font-family: Rubik, sans-serif;\">\u00a0<\/div><div style=\"color: rgba(0, 0, 0, 0.5); font-family: Rubik, sans-serif;\"><span style=\"color: #000000; font-size: 1rem; font-weight: var( --e-global-typography-text-font-weight );\">Post la pa\u016dzo la partoprenintoj rakontis pri IEI. \u0108iuj rakontintoj havis belajn memorojn pri IEI.<\/span><\/div><div style=\"color: rgba(0, 0, 0, 0.5); font-family: Rubik, sans-serif;\"><span style=\"color: #000000; font-size: 1rem; font-weight: var( --e-global-typography-text-font-weight );\">\u00a0<\/span><\/div><div><span style=\"color: #000000; font-family: Rubik, sans-serif; font-size: 1rem; font-weight: var( --e-global-typography-text-font-weight );\">Je la 14-a horo Roman Dobrzy\u0144ski kaj Irek Bobrzak prezentis sian interparolon pri diversaj projektoj. Estis unika eblo\u00a0<\/span><span style=\"font-family: Rubik, sans-serif;\">a\u016dskulti la konversacion de du spertaj esperantistoj.<\/span><\/div><div><span style=\"font-family: Rubik, sans-serif;\">\u00a0<\/span><\/div><div><span style=\"font-family: Rubik, sans-serif;\">Bert kaj Saskia sekvis la interparolon per dua kanto.<\/span><\/div><div><span style=\"font-family: Rubik, sans-serif;\">\u00a0<\/span><\/div><div><span style=\"font-family: Rubik, sans-serif;\">Poste prof. Nina Daniljuk prelegis pri la historio de Esperanto-instruado en Ukraino. Estis tre preciza superrigardo pri la\u00a0mejlo\u015dtonoj de la ukraina Esperanto-movado.<\/span><\/div><div><span style=\"font-family: Rubik, sans-serif;\">\u00a0<\/span><\/div><div><span style=\"font-family: Rubik, sans-serif;\">Je la 16-a horo Jos\u00e9 Antonio Vergara el \u0108ilio prelegis pri la historiaj, sociaj kaj ekonomiaj aspektoj de pandemioj. Li klarigis diversajn kutimajn demandojn pri pandemioj kaj rilatis \u011din al kaj la nuno kaj historio.<\/span><\/div><div><span style=\"font-family: Rubik, sans-serif;\">\u00a0<\/span><\/div><div><span style=\"font-family: Rubik, sans-serif;\">La programo sekvis per la lotumado de kvin libroj. La libro, <i>Vivo de Andreo Cseh<\/i>, estas gajnita de kvin partoprenintoj el diversaj partoj de la mondo.<\/span><\/div><div><span style=\"font-family: Rubik, sans-serif;\">\u00a0<\/span><\/div><div><span style=\"font-family: Rubik, sans-serif;\">La tago fini\u011dis per kanto kaj fermvorto.<\/span><\/div><\/div><\/div><\/div>\t\t\t\t\t\t\t\t<\/div>\n\t\t\t\t<\/div>\n\t\t\t\t\t<\/div>\n\t\t<\/div>\n\t\t\t\t\t<\/div>\n\t\t<\/section>\n\t\t\t\t<\/div>","protected":false},"excerpt":{"rendered":"<p>Reta festo 2020 \u0109e IEI okaze de la 90-jara jubileo! la Facebook-pa\u011do \u00a0 el\u015dutu la programon La 12-an de septembro 2020 inter 11:00 kaj 17:00 okazis reta festo okaze de la 90-a jubileo de IEI! La nuna jaro estas festjaro por IEI: la Instituto ekzistas 90 jarojn kaj anka\u016d estas la Jaro de Julia Isbr\u00fccker, [&hellip;]<\/p>\n","protected":false},"author":4,"featured_media":0,"parent":0,"menu_order":0,"comment_status":"closed","ping_status":"closed","template":"","meta":{"footnotes":""},"class_list":["post-1314","page","type-page","status-publish","hentry"],"_links":{"self":[{"href":"https:\/\/www.iei.nl\/nl_nl\/wp-json\/wp\/v2\/pages\/1314","targetHints":{"allow":["GET"]}}],"collection":[{"href":"https:\/\/www.iei.nl\/nl_nl\/wp-json\/wp\/v2\/pages"}],"about":[{"href":"https:\/\/www.iei.nl\/nl_nl\/wp-json\/wp\/v2\/types\/page"}],"author":[{"embeddable":true,"href":"https:\/\/www.iei.nl\/nl_nl\/wp-json\/wp\/v2\/users\/4"}],"replies":[{"embeddable":true,"href":"https:\/\/www.iei.nl\/nl_nl\/wp-json\/wp\/v2\/comments?post=1314"}],"version-history":[{"count":14,"href":"https:\/\/www.iei.nl\/nl_nl\/wp-json\/wp\/v2\/pages\/1314\/revisions"}],"predecessor-version":[{"id":1597,"href":"https:\/\/www.iei.nl\/nl_nl\/wp-json\/wp\/v2\/pages\/1314\/revisions\/1597"}],"wp:attachment":[{"href":"https:\/\/www.iei.nl\/nl_nl\/wp-json\/wp\/v2\/media?parent=1314"}],"curies":[{"name":"wp","href":"https:\/\/api.w.org\/{rel}","templated":true}]}}