{"id":1586,"date":"2021-03-13T14:43:52","date_gmt":"2021-03-13T13:43:52","guid":{"rendered":"https:\/\/www.iei.nl\/?page_id=1586"},"modified":"2025-11-02T11:46:12","modified_gmt":"2025-11-02T10:46:12","slug":"kunlaboro","status":"publish","type":"page","link":"https:\/\/www.iei.nl\/nl_nl\/kunlaboro\/","title":{"rendered":"Samenwerking"},"content":{"rendered":"\t\t<div data-elementor-type=\"wp-page\" data-elementor-id=\"1586\" class=\"elementor elementor-1586\" data-elementor-post-type=\"page\">\n\t\t\t\t\t\t<section class=\"elementor-section elementor-top-section elementor-element elementor-element-e807cf7 elementor-section-boxed elementor-section-height-default elementor-section-height-default\" data-id=\"e807cf7\" data-element_type=\"section\" data-e-type=\"section\">\n\t\t\t\t\t\t<div class=\"elementor-container elementor-column-gap-default\">\n\t\t\t\t\t<div class=\"elementor-column elementor-col-100 elementor-top-column elementor-element elementor-element-815218a\" data-id=\"815218a\" data-element_type=\"column\" data-e-type=\"column\">\n\t\t\t<div class=\"elementor-widget-wrap elementor-element-populated\">\n\t\t\t\t\t\t<div class=\"elementor-element elementor-element-6db24a0 elementor-widget elementor-widget-heading\" data-id=\"6db24a0\" data-element_type=\"widget\" data-e-type=\"widget\" data-widget_type=\"heading.default\">\n\t\t\t\t<div class=\"elementor-widget-container\">\n\t\t\t\t\t<h1 class=\"elementor-heading-title elementor-size-default\">Kunlaborado<\/h1>\t\t\t\t<\/div>\n\t\t\t\t<\/div>\n\t\t\t\t\t<\/div>\n\t\t<\/div>\n\t\t\t\t\t<\/div>\n\t\t<\/section>\n\t\t\t\t<section class=\"elementor-section elementor-top-section elementor-element elementor-element-ad99bd7 elementor-section-boxed elementor-section-height-default elementor-section-height-default\" data-id=\"ad99bd7\" data-element_type=\"section\" data-e-type=\"section\">\n\t\t\t\t\t\t<div class=\"elementor-container elementor-column-gap-default\">\n\t\t\t\t\t<div class=\"elementor-column elementor-col-50 elementor-top-column elementor-element elementor-element-5c6ed0a\" data-id=\"5c6ed0a\" data-element_type=\"column\" data-e-type=\"column\">\n\t\t\t<div class=\"elementor-widget-wrap elementor-element-populated\">\n\t\t\t\t\t\t<div class=\"elementor-element elementor-element-e5bd21e elementor-toc--minimized-on-tablet elementor-widget elementor-widget-table-of-contents\" data-id=\"e5bd21e\" data-element_type=\"widget\" data-e-type=\"widget\" data-settings=\"{&quot;headings_by_tags&quot;:[&quot;h2&quot;],&quot;exclude_headings_by_selector&quot;:[],&quot;marker_view&quot;:&quot;bullets&quot;,&quot;icon&quot;:{&quot;value&quot;:&quot;&quot;,&quot;library&quot;:&quot;&quot;},&quot;no_headings_message&quot;:&quot;No headings were found on this page.&quot;,&quot;minimize_box&quot;:&quot;yes&quot;,&quot;minimized_on&quot;:&quot;tablet&quot;,&quot;hierarchical_view&quot;:&quot;yes&quot;,&quot;min_height&quot;:{&quot;unit&quot;:&quot;px&quot;,&quot;size&quot;:&quot;&quot;,&quot;sizes&quot;:[]},&quot;min_height_tablet&quot;:{&quot;unit&quot;:&quot;px&quot;,&quot;size&quot;:&quot;&quot;,&quot;sizes&quot;:[]},&quot;min_height_mobile&quot;:{&quot;unit&quot;:&quot;px&quot;,&quot;size&quot;:&quot;&quot;,&quot;sizes&quot;:[]}}\" data-widget_type=\"table-of-contents.default\">\n\t\t\t\t<div class=\"elementor-widget-container\">\n\t\t\t\t\t\t\t\t\t<div class=\"elementor-toc__header\">\n\t\t\t\t\t\t<h4 class=\"elementor-toc__header-title\">\n\t\t\t\tEnhavo\t\t\t<\/h4>\n\t\t\t\t\t\t\t\t\t\t<div class=\"elementor-toc__toggle-button elementor-toc__toggle-button--expand\" role=\"button\" tabindex=\"0\" aria-controls=\"elementor-toc__e5bd21e\" aria-expanded=\"true\" aria-label=\"Open table of contents\"><i aria-hidden=\"true\" class=\"fas fa-chevron-down\"><\/i><\/div>\n\t\t\t\t<div class=\"elementor-toc__toggle-button elementor-toc__toggle-button--collapse\" role=\"button\" tabindex=\"0\" aria-controls=\"elementor-toc__e5bd21e\" aria-expanded=\"true\" aria-label=\"Close table of contents\"><i aria-hidden=\"true\" class=\"fas fa-chevron-up\"><\/i><\/div>\n\t\t\t\t\t<\/div>\n\t\t\t\t<div id=\"elementor-toc__e5bd21e\" class=\"elementor-toc__body\">\n\t\t\t<div class=\"elementor-toc__spinner-container\">\n\t\t\t\t<i class=\"elementor-toc__spinner eicon-animation-spin eicon-loading\" aria-hidden=\"true\"><\/i>\t\t\t<\/div>\n\t\t<\/div>\n\t\t\t\t\t\t<\/div>\n\t\t\t\t<\/div>\n\t\t\t\t\t<\/div>\n\t\t<\/div>\n\t\t\t\t<div class=\"elementor-column elementor-col-50 elementor-top-column elementor-element elementor-element-1128322\" data-id=\"1128322\" data-element_type=\"column\" data-e-type=\"column\">\n\t\t\t<div class=\"elementor-widget-wrap elementor-element-populated\">\n\t\t\t\t\t\t<div class=\"elementor-element elementor-element-5b537e0 elementor-widget elementor-widget-image\" data-id=\"5b537e0\" data-element_type=\"widget\" data-e-type=\"widget\" data-widget_type=\"image.default\">\n\t\t\t\t<div class=\"elementor-widget-container\">\n\t\t\t\t\t\t\t\t\t\t\t\t\t\t\t<img fetchpriority=\"high\" decoding=\"async\" width=\"768\" height=\"1324\" src=\"https:\/\/www.iei.nl\/wp-content\/uploads\/IEI-Cseh-Domo-768x1324.png\" class=\"attachment-medium_large size-medium_large wp-image-772\" alt=\"\" srcset=\"https:\/\/www.iei.nl\/wp-content\/uploads\/IEI-Cseh-Domo-768x1324.png 768w, https:\/\/www.iei.nl\/wp-content\/uploads\/IEI-Cseh-Domo-174x300.png 174w, https:\/\/www.iei.nl\/wp-content\/uploads\/IEI-Cseh-Domo-594x1024.png 594w, https:\/\/www.iei.nl\/wp-content\/uploads\/IEI-Cseh-Domo.png 1588w\" sizes=\"(max-width: 768px) 100vw, 768px\" \/>\t\t\t\t\t\t\t\t\t\t\t\t\t\t\t<\/div>\n\t\t\t\t<\/div>\n\t\t\t\t\t<\/div>\n\t\t<\/div>\n\t\t\t\t\t<\/div>\n\t\t<\/section>\n\t\t\t\t<section class=\"elementor-section elementor-top-section elementor-element elementor-element-3452980 elementor-section-boxed elementor-section-height-default elementor-section-height-default\" data-id=\"3452980\" data-element_type=\"section\" data-e-type=\"section\">\n\t\t\t\t\t\t<div class=\"elementor-container elementor-column-gap-default\">\n\t\t\t\t\t<div class=\"elementor-column elementor-col-100 elementor-top-column elementor-element elementor-element-a0a7d45\" data-id=\"a0a7d45\" data-element_type=\"column\" data-e-type=\"column\">\n\t\t\t<div class=\"elementor-widget-wrap elementor-element-populated\">\n\t\t\t\t\t\t<div class=\"elementor-element elementor-element-08ecd73 elementor-widget elementor-widget-text-editor\" data-id=\"08ecd73\" data-element_type=\"widget\" data-e-type=\"widget\" data-widget_type=\"text-editor.default\">\n\t\t\t\t<div class=\"elementor-widget-container\">\n\t\t\t\t\t\t\t\t\t<p>La Internacia Esperanto-Instituto estas organizo de volontuloj. Por da\u016drigi la laboron, IEI bezonas vian helpon!<\/p>\t\t\t\t\t\t\t\t<\/div>\n\t\t\t\t<\/div>\n\t\t\t\t\t<\/div>\n\t\t<\/div>\n\t\t\t\t\t<\/div>\n\t\t<\/section>\n\t\t\t\t<section class=\"elementor-section elementor-top-section elementor-element elementor-element-b720f27 elementor-section-boxed elementor-section-height-default elementor-section-height-default\" data-id=\"b720f27\" data-element_type=\"section\" data-e-type=\"section\" data-settings=\"{&quot;background_background&quot;:&quot;gradient&quot;}\">\n\t\t\t\t\t\t<div class=\"elementor-container elementor-column-gap-default\">\n\t\t\t\t\t<div class=\"elementor-column elementor-col-50 elementor-top-column elementor-element elementor-element-99baedd\" data-id=\"99baedd\" data-element_type=\"column\" data-e-type=\"column\">\n\t\t\t<div class=\"elementor-widget-wrap elementor-element-populated\">\n\t\t\t\t\t\t<div class=\"elementor-element elementor-element-5b4a842 elementor-widget elementor-widget-image\" data-id=\"5b4a842\" data-element_type=\"widget\" data-e-type=\"widget\" data-widget_type=\"image.default\">\n\t\t\t\t<div class=\"elementor-widget-container\">\n\t\t\t\t\t\t\t\t\t\t\t\t\t\t\t<img decoding=\"async\" width=\"96\" height=\"96\" src=\"https:\/\/www.iei.nl\/wp-content\/uploads\/Moneroj-150x150.png\" class=\"attachment-thumbnail size-thumbnail wp-image-1741\" alt=\"\" srcset=\"https:\/\/www.iei.nl\/wp-content\/uploads\/Moneroj-150x150.png 150w, https:\/\/www.iei.nl\/wp-content\/uploads\/Moneroj-12x12.png 12w\" sizes=\"(max-width: 96px) 100vw, 96px\" \/>\t\t\t\t\t\t\t\t\t\t\t\t\t\t\t<\/div>\n\t\t\t\t<\/div>\n\t\t\t\t\t<\/div>\n\t\t<\/div>\n\t\t\t\t<div class=\"elementor-column elementor-col-50 elementor-top-column elementor-element elementor-element-f15cb5d\" data-id=\"f15cb5d\" data-element_type=\"column\" data-e-type=\"column\">\n\t\t\t<div class=\"elementor-widget-wrap elementor-element-populated\">\n\t\t\t\t\t\t<div class=\"elementor-element elementor-element-a227dd9 elementor-widget elementor-widget-heading\" data-id=\"a227dd9\" data-element_type=\"widget\" data-e-type=\"widget\" data-widget_type=\"heading.default\">\n\t\t\t\t<div class=\"elementor-widget-container\">\n\t\t\t\t\t<h2 class=\"elementor-heading-title elementor-size-default\">Penningmeester gezocht!<\/h2>\t\t\t\t<\/div>\n\t\t\t\t<\/div>\n\t\t\t\t<div class=\"elementor-element elementor-element-3c375a4 elementor-widget elementor-widget-text-editor\" data-id=\"3c375a4\" data-element_type=\"widget\" data-e-type=\"widget\" data-widget_type=\"text-editor.default\">\n\t\t\t\t<div class=\"elementor-widget-container\">\n\t\t\t\t\t\t\t\t\t<p>Het Internationaal Esperanto-Instituut zoekt een penningmeester: vrijwilliger met gevoel voor cijfers. Help het bestuur met financi\u00ebn. Maak impact met jouw talent!<\/p>\n<h3>Wil jij ook een Verbonden Wereld?<\/h3>\n<p>Het&nbsp;Internationaal Esperanto-instituut zet zich in voor een betere wereld waarin mensen wereldwijd elkaar beter begrijpen en verbonden blijven. Esperanto, als brugtaal, helpt grenzen te overbruggen en gemeenschappen dichter bij elkaar te brengen.<\/p>\n<p>Om onze missie te ondersteunen, zoeken wij iemand die van cijfers houdt en een goed oog voor detail die ons team wil komen versterken! Ben jij goed met cijfers en wil je jouw kennis inzetten voor een organisatie met een maatschappelijk doel? Dan zijn wij op zoek naar jou!<\/p>\n<h4>We zoeken iemand die:<\/h4>\n<ul>\n<li>Ons kan helpen bij het beheren en bijhouden van onze financi\u00eble administratie<\/li>\n<li>Ervaring heeft met begrotingen en financi\u00eble rapportages<\/li>\n<li>Graag samenwerkt in een enthousiast team van vrijwilligers<\/li>\n<\/ul>\n<h4>Wat bieden wij jou?<\/h4>\n<ul>\n<li>Een inspirerende werkomgeving binnen een organisatie die bijdraagt aan internationale verbinding<\/li>\n<li>De kans om een nieuwe taal te leren en deel uit te maken van een wereldwijde gemeenschap, we leren je het graag!<\/li>\n<li>Flexibiliteit in je werkzaamheden en tijdsbesteding (max 3 uur per maand?)<\/li>\n<li>Een waardevolle ervaring waarbij jouw expertise \u00e9cht impact maakt<\/li>\n<\/ul>\n<p>Heb jij passie voor cijfers \u00e9n voor een betere wereld? Dan komen we graag met je in contact! Stuur een bericht naar Jolanta van Holstein, secretaris van de stichting Internationaal Esperanto-Instituut:&nbsp;<span style=\"text-decoration: underline;\">esperanto [apenstaartje] iei.nl<\/span>&nbsp;&nbsp;en word deel van ons team.<\/p>\n<p>\ud83c\udf0d&nbsp;Samen bouwen we aan een wereld zonder taalbarri\u00e8res!<\/p>\t\t\t\t\t\t\t\t<\/div>\n\t\t\t\t<\/div>\n\t\t\t\t\t<\/div>\n\t\t<\/div>\n\t\t\t\t\t<\/div>\n\t\t<\/section>\n\t\t\t\t<section class=\"elementor-section elementor-top-section elementor-element elementor-element-b98922b elementor-section-boxed elementor-section-height-default elementor-section-height-default\" data-id=\"b98922b\" data-element_type=\"section\" data-e-type=\"section\" data-settings=\"{&quot;background_background&quot;:&quot;gradient&quot;}\">\n\t\t\t\t\t\t<div class=\"elementor-container elementor-column-gap-default\">\n\t\t\t\t\t<div class=\"elementor-column elementor-col-100 elementor-top-column elementor-element elementor-element-688e451\" data-id=\"688e451\" data-element_type=\"column\" data-e-type=\"column\">\n\t\t\t<div class=\"elementor-widget-wrap elementor-element-populated\">\n\t\t\t\t\t\t<div class=\"elementor-element elementor-element-0ba2676 elementor-widget elementor-widget-heading\" data-id=\"0ba2676\" data-element_type=\"widget\" data-e-type=\"widget\" data-widget_type=\"heading.default\">\n\t\t\t\t<div class=\"elementor-widget-container\">\n\t\t\t\t\t<h2 class=\"elementor-heading-title elementor-size-default\">Estrarano pri domaj aferoj<\/h2>\t\t\t\t<\/div>\n\t\t\t\t<\/div>\n\t\t\t\t<div class=\"elementor-element elementor-element-97f3c29 elementor-widget elementor-widget-text-editor\" data-id=\"97f3c29\" data-element_type=\"widget\" data-e-type=\"widget\" data-widget_type=\"text-editor.default\">\n\t\t\t\t<div class=\"elementor-widget-container\">\n\t\t\t\t\t\t\t\t\t<p>\u0108u pla\u0109as al vi prizorgi Esperanto-domon en Hago? Tiukaze la fonda\u0135o bezonas vin! La domo de IEI estas konstruata en 1890 kaj tra la jaroj diversfoje renovigita. \u0108u vi volas helpi al \u011dia da\u016drigo?<\/p>\t\t\t\t\t\t\t\t<\/div>\n\t\t\t\t<\/div>\n\t\t\t\t\t<\/div>\n\t\t<\/div>\n\t\t\t\t\t<\/div>\n\t\t<\/section>\n\t\t\t\t<section class=\"elementor-section elementor-top-section elementor-element elementor-element-0a78b1d elementor-section-boxed elementor-section-height-default elementor-section-height-default\" data-id=\"0a78b1d\" data-element_type=\"section\" data-e-type=\"section\" data-settings=\"{&quot;background_background&quot;:&quot;gradient&quot;}\">\n\t\t\t\t\t\t<div class=\"elementor-container elementor-column-gap-default\">\n\t\t\t\t\t<div class=\"elementor-column elementor-col-50 elementor-top-column elementor-element elementor-element-8c5d16c\" data-id=\"8c5d16c\" data-element_type=\"column\" data-e-type=\"column\">\n\t\t\t<div class=\"elementor-widget-wrap elementor-element-populated\">\n\t\t\t\t\t\t<div class=\"elementor-element elementor-element-04b75b0 elementor-widget elementor-widget-heading\" data-id=\"04b75b0\" data-element_type=\"widget\" data-e-type=\"widget\" data-widget_type=\"heading.default\">\n\t\t\t\t<div class=\"elementor-widget-container\">\n\t\t\t\t\t<h2 class=\"elementor-heading-title elementor-size-default\">Volontuloj<\/h2>\t\t\t\t<\/div>\n\t\t\t\t<\/div>\n\t\t\t\t<div class=\"elementor-element elementor-element-87a0f61 elementor-widget elementor-widget-text-editor\" data-id=\"87a0f61\" data-element_type=\"widget\" data-e-type=\"widget\" data-widget_type=\"text-editor.default\">\n\t\t\t\t<div class=\"elementor-widget-container\">\n\t\t\t\t\t\t\t\t\t<p>\u0108u vi ne havas tempon a\u016d ener\u011dion por estrarani\u011di, sed vi ja volas kunlabori? Kompreneble! Via helpo pri la prizorgo de la instituto \u0109iam bonvenas. Bonvolu kontakti la instituton por konigi la eblojn por kunlabori.<\/p>\t\t\t\t\t\t\t\t<\/div>\n\t\t\t\t<\/div>\n\t\t\t\t\t<\/div>\n\t\t<\/div>\n\t\t\t\t<div class=\"elementor-column elementor-col-50 elementor-top-column elementor-element elementor-element-e5b3129\" data-id=\"e5b3129\" data-element_type=\"column\" data-e-type=\"column\">\n\t\t\t<div class=\"elementor-widget-wrap elementor-element-populated\">\n\t\t\t\t\t\t<div class=\"elementor-element elementor-element-fe3c6a2 elementor-widget__width-initial e-transform elementor-widget elementor-widget-image\" data-id=\"fe3c6a2\" data-element_type=\"widget\" data-e-type=\"widget\" data-settings=\"{&quot;_transform_rotateZ_effect&quot;:{&quot;unit&quot;:&quot;px&quot;,&quot;size&quot;:7,&quot;sizes&quot;:[]},&quot;_transform_rotateZ_effect_tablet&quot;:{&quot;unit&quot;:&quot;deg&quot;,&quot;size&quot;:&quot;&quot;,&quot;sizes&quot;:[]},&quot;_transform_rotateZ_effect_mobile&quot;:{&quot;unit&quot;:&quot;deg&quot;,&quot;size&quot;:&quot;&quot;,&quot;sizes&quot;:[]}}\" data-widget_type=\"image.default\">\n\t\t\t\t<div class=\"elementor-widget-container\">\n\t\t\t\t\t\t\t\t\t\t\t\t\t\t\t<img decoding=\"async\" width=\"300\" height=\"285\" src=\"https:\/\/www.iei.nl\/wp-content\/uploads\/IEI-emblemo-v2-300x285.png\" class=\"attachment-medium size-medium wp-image-1122\" alt=\"\" srcset=\"https:\/\/www.iei.nl\/wp-content\/uploads\/IEI-emblemo-v2-300x285.png 300w, https:\/\/www.iei.nl\/wp-content\/uploads\/elementor\/thumbs\/IEI-emblemo-v2-ogyblzr2vrpxm3pbnc14xmf7tikfi5zo8xe36oz2fc.png 122w, https:\/\/www.iei.nl\/wp-content\/uploads\/IEI-emblemo-v2.png 487w\" sizes=\"(max-width: 300px) 100vw, 300px\" \/>\t\t\t\t\t\t\t\t\t\t\t\t\t\t\t<\/div>\n\t\t\t\t<\/div>\n\t\t\t\t\t<\/div>\n\t\t<\/div>\n\t\t\t\t\t<\/div>\n\t\t<\/section>\n\t\t\t\t<\/div>\n\t\t","protected":false},"excerpt":{"rendered":"<p>Kunlaborado Enhavo La Internacia Esperanto-Instituto estas organizo de volontuloj. Por da\u016drigi la laboron, IEI bezonas vian helpon! Penningmeester gezocht! Het Internationaal Esperanto-Instituut zoekt een penningmeester: vrijwilliger met gevoel voor cijfers. Help het bestuur met financi\u00ebn. Maak impact met jouw talent! Wil jij ook een Verbonden Wereld? Het&nbsp;Internationaal Esperanto-instituut zet zich in voor een betere wereld [&hellip;]<\/p>\n","protected":false},"author":4,"featured_media":0,"parent":0,"menu_order":0,"comment_status":"closed","ping_status":"closed","template":"","meta":{"footnotes":""},"class_list":["post-1586","page","type-page","status-publish","hentry"],"_links":{"self":[{"href":"https:\/\/www.iei.nl\/nl_nl\/wp-json\/wp\/v2\/pages\/1586","targetHints":{"allow":["GET"]}}],"collection":[{"href":"https:\/\/www.iei.nl\/nl_nl\/wp-json\/wp\/v2\/pages"}],"about":[{"href":"https:\/\/www.iei.nl\/nl_nl\/wp-json\/wp\/v2\/types\/page"}],"author":[{"embeddable":true,"href":"https:\/\/www.iei.nl\/nl_nl\/wp-json\/wp\/v2\/users\/4"}],"replies":[{"embeddable":true,"href":"https:\/\/www.iei.nl\/nl_nl\/wp-json\/wp\/v2\/comments?post=1586"}],"version-history":[{"count":28,"href":"https:\/\/www.iei.nl\/nl_nl\/wp-json\/wp\/v2\/pages\/1586\/revisions"}],"predecessor-version":[{"id":2596,"href":"https:\/\/www.iei.nl\/nl_nl\/wp-json\/wp\/v2\/pages\/1586\/revisions\/2596"}],"wp:attachment":[{"href":"https:\/\/www.iei.nl\/nl_nl\/wp-json\/wp\/v2\/media?parent=1586"}],"curies":[{"name":"wp","href":"https:\/\/api.w.org\/{rel}","templated":true}]}}