{"id":1961,"date":"2022-01-26T21:10:27","date_gmt":"2022-01-26T20:10:27","guid":{"rendered":"https:\/\/www.iei.nl\/?page_id=1961"},"modified":"2025-05-17T10:04:49","modified_gmt":"2025-05-17T08:04:49","slug":"libroj-kaj-revuoj","status":"publish","type":"page","link":"https:\/\/www.iei.nl\/nl_nl\/libroj-kaj-revuoj\/","title":{"rendered":"Boeken en tijdschriften"},"content":{"rendered":"\t\t<div data-elementor-type=\"wp-page\" data-elementor-id=\"1961\" class=\"elementor elementor-1961\" data-elementor-post-type=\"page\">\n\t\t\t\t\t\t<section class=\"elementor-section elementor-top-section elementor-element elementor-element-b15f52d elementor-section-content-middle elementor-section-full_width elementor-section-height-default elementor-section-height-default\" data-id=\"b15f52d\" data-element_type=\"section\" data-e-type=\"section\">\n\t\t\t\t\t\t<div class=\"elementor-container elementor-column-gap-default\">\n\t\t\t\t\t<div class=\"elementor-column elementor-col-66 elementor-top-column elementor-element elementor-element-ab9b172\" data-id=\"ab9b172\" data-element_type=\"column\" data-e-type=\"column\">\n\t\t\t<div class=\"elementor-widget-wrap elementor-element-populated\">\n\t\t\t\t\t\t<div class=\"elementor-element elementor-element-e9f547e elementor-widget elementor-widget-heading\" data-id=\"e9f547e\" data-element_type=\"widget\" data-e-type=\"widget\" data-widget_type=\"heading.default\">\n\t\t\t\t<div class=\"elementor-widget-container\">\n\t\t\t\t\t<h1 class=\"elementor-heading-title elementor-size-default\">Libra kaj revua biblioteko de la<br class=\"Apple-interchange-newline\"><span>Internacia Esperanto-Instituto<\/span><\/h1>\t\t\t\t<\/div>\n\t\t\t\t<\/div>\n\t\t\t\t<div class=\"elementor-element elementor-element-3473d20 elementor-widget elementor-widget-text-editor\" data-id=\"3473d20\" data-element_type=\"widget\" data-e-type=\"widget\" data-widget_type=\"text-editor.default\">\n\t\t\t\t<div class=\"elementor-widget-container\">\n\t\t\t\t\t\t\t\t\t<p style=\"text-align: right;\">Biblioteka\u0135oj ne estas prunteblaj a\u016d a\u0109eteblaj. Bonvolu interkonsenti rendevuon por enrigardi la verkojn en la biblioteko de IEI.<\/p>\t\t\t\t\t\t\t\t<\/div>\n\t\t\t\t<\/div>\n\t\t\t\t<div class=\"elementor-element elementor-element-42d3380 elementor-toc--minimized-on-tablet elementor-widget elementor-widget-table-of-contents\" data-id=\"42d3380\" data-element_type=\"widget\" data-e-type=\"widget\" data-settings=\"{&quot;headings_by_tags&quot;:[&quot;h2&quot;,&quot;h4&quot;],&quot;exclude_headings_by_selector&quot;:[],&quot;marker_view&quot;:&quot;bullets&quot;,&quot;icon&quot;:{&quot;value&quot;:&quot;&quot;,&quot;library&quot;:&quot;&quot;},&quot;no_headings_message&quot;:&quot;No headings were found on this page.&quot;,&quot;minimize_box&quot;:&quot;yes&quot;,&quot;minimized_on&quot;:&quot;tablet&quot;,&quot;hierarchical_view&quot;:&quot;yes&quot;,&quot;min_height&quot;:{&quot;unit&quot;:&quot;px&quot;,&quot;size&quot;:&quot;&quot;,&quot;sizes&quot;:[]},&quot;min_height_tablet&quot;:{&quot;unit&quot;:&quot;px&quot;,&quot;size&quot;:&quot;&quot;,&quot;sizes&quot;:[]},&quot;min_height_mobile&quot;:{&quot;unit&quot;:&quot;px&quot;,&quot;size&quot;:&quot;&quot;,&quot;sizes&quot;:[]}}\" data-widget_type=\"table-of-contents.default\">\n\t\t\t\t<div class=\"elementor-widget-container\">\n\t\t\t\t\t\t\t\t\t<div class=\"elementor-toc__header\">\n\t\t\t\t\t\t<h4 class=\"elementor-toc__header-title\">\n\t\t\t\tEnhavo\t\t\t<\/h4>\n\t\t\t\t\t\t\t\t\t\t<div class=\"elementor-toc__toggle-button elementor-toc__toggle-button--expand\" role=\"button\" tabindex=\"0\" aria-controls=\"elementor-toc__42d3380\" aria-expanded=\"true\" aria-label=\"Open table of contents\"><i aria-hidden=\"true\" class=\"fas fa-chevron-down\"><\/i><\/div>\n\t\t\t\t<div class=\"elementor-toc__toggle-button elementor-toc__toggle-button--collapse\" role=\"button\" tabindex=\"0\" aria-controls=\"elementor-toc__42d3380\" aria-expanded=\"true\" aria-label=\"Close table of contents\"><i aria-hidden=\"true\" class=\"fas fa-chevron-up\"><\/i><\/div>\n\t\t\t\t\t<\/div>\n\t\t\t\t<div id=\"elementor-toc__42d3380\" class=\"elementor-toc__body\">\n\t\t\t<div class=\"elementor-toc__spinner-container\">\n\t\t\t\t<i class=\"elementor-toc__spinner eicon-animation-spin eicon-loading\" aria-hidden=\"true\"><\/i>\t\t\t<\/div>\n\t\t<\/div>\n\t\t\t\t\t\t<\/div>\n\t\t\t\t<\/div>\n\t\t\t\t\t<\/div>\n\t\t<\/div>\n\t\t\t\t<div class=\"elementor-column elementor-col-33 elementor-top-column elementor-element elementor-element-c50912d\" data-id=\"c50912d\" data-element_type=\"column\" data-e-type=\"column\">\n\t\t\t<div class=\"elementor-widget-wrap elementor-element-populated\">\n\t\t\t\t\t\t<div class=\"elementor-element elementor-element-b880fa7 elementor-widget elementor-widget-image\" data-id=\"b880fa7\" data-element_type=\"widget\" data-e-type=\"widget\" data-widget_type=\"image.default\">\n\t\t\t\t<div class=\"elementor-widget-container\">\n\t\t\t\t\t\t\t\t\t\t\t\t\t\t\t<img fetchpriority=\"high\" decoding=\"async\" width=\"715\" height=\"1024\" src=\"https:\/\/www.iei.nl\/wp-content\/uploads\/librejo-715x1024.png\" class=\"attachment-large size-large wp-image-1153\" alt=\"\" srcset=\"https:\/\/www.iei.nl\/wp-content\/uploads\/librejo-715x1024.png 715w, https:\/\/www.iei.nl\/wp-content\/uploads\/librejo-210x300.png 210w, https:\/\/www.iei.nl\/wp-content\/uploads\/librejo-768x1099.png 768w, https:\/\/www.iei.nl\/wp-content\/uploads\/librejo.png 955w\" sizes=\"(max-width: 715px) 100vw, 715px\" \/>\t\t\t\t\t\t\t\t\t\t\t\t\t\t\t<\/div>\n\t\t\t\t<\/div>\n\t\t\t\t\t<\/div>\n\t\t<\/div>\n\t\t\t\t\t<\/div>\n\t\t<\/section>\n\t\t\t\t<section class=\"elementor-section elementor-top-section elementor-element elementor-element-0d435fe elementor-section-boxed elementor-section-height-default elementor-section-height-default\" data-id=\"0d435fe\" data-element_type=\"section\" data-e-type=\"section\" data-settings=\"{&quot;background_background&quot;:&quot;classic&quot;}\">\n\t\t\t\t\t\t<div class=\"elementor-container elementor-column-gap-default\">\n\t\t\t\t\t<div class=\"elementor-column elementor-col-50 elementor-top-column elementor-element elementor-element-958c315\" data-id=\"958c315\" data-element_type=\"column\" data-e-type=\"column\">\n\t\t\t<div class=\"elementor-widget-wrap elementor-element-populated\">\n\t\t\t\t\t\t<div class=\"elementor-element elementor-element-cd9636a elementor-widget elementor-widget-heading\" data-id=\"cd9636a\" data-element_type=\"widget\" data-e-type=\"widget\" data-widget_type=\"heading.default\">\n\t\t\t\t<div class=\"elementor-widget-container\">\n\t\t\t\t\t<h2 class=\"elementor-heading-title elementor-size-default\">Libroj<\/h2>\t\t\t\t<\/div>\n\t\t\t\t<\/div>\n\t\t\t\t<div class=\"elementor-element elementor-element-87faa9b elementor-widget elementor-widget-text-editor\" data-id=\"87faa9b\" data-element_type=\"widget\" data-e-type=\"widget\" data-widget_type=\"text-editor.default\">\n\t\t\t\t<div class=\"elementor-widget-container\">\n\t\t\t\t\t\t\t\t\t<p style=\"text-align: left;\">La biblioteko de IEI enhavas pli ol 4000 libroj!<\/p>\t\t\t\t\t\t\t\t<\/div>\n\t\t\t\t<\/div>\n\t\t\t\t<div class=\"elementor-element elementor-element-9b9ab9a elementor-tabs-view-horizontal elementor-widget elementor-widget-tabs\" data-id=\"9b9ab9a\" data-element_type=\"widget\" data-e-type=\"widget\" data-widget_type=\"tabs.default\">\n\t\t\t\t<div class=\"elementor-widget-container\">\n\t\t\t\t\t\t\t<div class=\"elementor-tabs\">\n\t\t\t<div class=\"elementor-tabs-wrapper\" role=\"tablist\" >\n\t\t\t\t\t\t\t\t\t<div id=\"elementor-tab-title-1631\" class=\"elementor-tab-title elementor-tab-desktop-title\" aria-selected=\"true\" data-tab=\"1\" role=\"tab\" tabindex=\"0\" aria-controls=\"elementor-tab-content-1631\" aria-expanded=\"false\">Libroj<\/div>\n\t\t\t\t\t\t\t\t\t<div id=\"elementor-tab-title-1632\" class=\"elementor-tab-title elementor-tab-desktop-title\" aria-selected=\"false\" data-tab=\"2\" role=\"tab\" tabindex=\"-1\" aria-controls=\"elementor-tab-content-1632\" aria-expanded=\"false\">Inkunabloj<\/div>\n\t\t\t\t\t\t\t<\/div>\n\t\t\t<div class=\"elementor-tabs-content-wrapper\" role=\"tablist\" aria-orientation=\"vertical\">\n\t\t\t\t\t\t\t\t\t<div class=\"elementor-tab-title elementor-tab-mobile-title\" aria-selected=\"true\" data-tab=\"1\" role=\"tab\" tabindex=\"0\" aria-controls=\"elementor-tab-content-1631\" aria-expanded=\"false\">Libroj<\/div>\n\t\t\t\t\t<div id=\"elementor-tab-content-1631\" class=\"elementor-tab-content elementor-clearfix\" data-tab=\"1\" role=\"tabpanel\" aria-labelledby=\"elementor-tab-title-1631\" tabindex=\"0\" hidden=\"false\"><p>Rigardu tra\u00a0<a href=\"\/wp-content\/uploads\/bibAGeo.htm\" target=\"_blank\" rel=\"noopener\">la a\u016dtoroj A \u011dis \u011c<\/a> kun William Auld, Julio Baghy kaj Marjorie Boulton.<\/p><p>Rigardu tra\u00a0<a href=\"\/wp-content\/uploads\/bibHOeo.htm\" target=\"_blank\" rel=\"noopener\">la a\u016dtoroj H \u011dis O<\/a> kun Jan kaj Julio Isbr\u00fccker, Teo Jung kaj K\u00e1lm\u00e1n Kalocsay.<\/p><p>Rigardu tra <a href=\"\/wp-content\/uploads\/bibPZeo.htm\" target=\"_blank\" rel=\"noopener\">la a\u016dtoroj P \u011dis Z<\/a>\u00a0kun Claude Piron, Edmond Privat kaj L. L. Zamenhof.<\/p><p>Rigardu tra <a href=\"\/wp-content\/uploads\/bibvorteo.htm\">la kolekto de vortaroj<\/a>.<\/p><\/div>\n\t\t\t\t\t\t\t\t\t<div class=\"elementor-tab-title elementor-tab-mobile-title\" aria-selected=\"false\" data-tab=\"2\" role=\"tab\" tabindex=\"-1\" aria-controls=\"elementor-tab-content-1632\" aria-expanded=\"false\">Inkunabloj<\/div>\n\t\t\t\t\t<div id=\"elementor-tab-content-1632\" class=\"elementor-tab-content elementor-clearfix\" data-tab=\"2\" role=\"tabpanel\" aria-labelledby=\"elementor-tab-title-1632\" tabindex=\"0\" hidden=\"hidden\"><p>Rigardu tra la kolekto de <a href=\"\/wp-content\/uploads\/inkunabloj-pdf.pdf\">inkunabloj<\/a>.<\/p><\/div>\n\t\t\t\t\t\t\t<\/div>\n\t\t<\/div>\n\t\t\t\t\t\t<\/div>\n\t\t\t\t<\/div>\n\t\t\t\t\t<\/div>\n\t\t<\/div>\n\t\t\t\t<div class=\"elementor-column elementor-col-50 elementor-top-column elementor-element elementor-element-30924a5\" data-id=\"30924a5\" data-element_type=\"column\" data-e-type=\"column\">\n\t\t\t<div class=\"elementor-widget-wrap elementor-element-populated\">\n\t\t\t\t\t\t<div class=\"elementor-element elementor-element-8147a45 elementor-widget elementor-widget-image\" data-id=\"8147a45\" data-element_type=\"widget\" data-e-type=\"widget\" data-widget_type=\"image.default\">\n\t\t\t\t<div class=\"elementor-widget-container\">\n\t\t\t\t\t\t\t\t\t\t\t\t\t\t\t<img decoding=\"async\" width=\"768\" height=\"1077\" src=\"https:\/\/www.iei.nl\/wp-content\/uploads\/Privat-Historio-768x1077.jpeg\" class=\"attachment-medium_large size-medium_large wp-image-1698\" alt=\"\" srcset=\"https:\/\/www.iei.nl\/wp-content\/uploads\/Privat-Historio-768x1077.jpeg 768w, https:\/\/www.iei.nl\/wp-content\/uploads\/Privat-Historio-214x300.jpeg 214w, https:\/\/www.iei.nl\/wp-content\/uploads\/Privat-Historio-730x1024.jpeg 730w, https:\/\/www.iei.nl\/wp-content\/uploads\/Privat-Historio-1095x1536.jpeg 1095w, https:\/\/www.iei.nl\/wp-content\/uploads\/Privat-Historio.jpeg 1584w\" sizes=\"(max-width: 768px) 100vw, 768px\" \/>\t\t\t\t\t\t\t\t\t\t\t\t\t\t\t<\/div>\n\t\t\t\t<\/div>\n\t\t\t\t\t<\/div>\n\t\t<\/div>\n\t\t\t\t\t<\/div>\n\t\t<\/section>\n\t\t\t\t<section class=\"elementor-section elementor-top-section elementor-element elementor-element-e8f10a9 elementor-section-boxed elementor-section-height-default elementor-section-height-default\" data-id=\"e8f10a9\" data-element_type=\"section\" data-e-type=\"section\" data-settings=\"{&quot;background_background&quot;:&quot;classic&quot;}\">\n\t\t\t\t\t\t<div class=\"elementor-container elementor-column-gap-default\">\n\t\t\t\t\t<div class=\"elementor-column elementor-col-50 elementor-top-column elementor-element elementor-element-b8efac9\" data-id=\"b8efac9\" data-element_type=\"column\" data-e-type=\"column\">\n\t\t\t<div class=\"elementor-widget-wrap elementor-element-populated\">\n\t\t\t\t\t\t<div class=\"elementor-element elementor-element-c95bcd3 elementor-widget elementor-widget-heading\" data-id=\"c95bcd3\" data-element_type=\"widget\" data-e-type=\"widget\" data-widget_type=\"heading.default\">\n\t\t\t\t<div class=\"elementor-widget-container\">\n\t\t\t\t\t<h2 class=\"elementor-heading-title elementor-size-default\">Revuoj<\/h2>\t\t\t\t<\/div>\n\t\t\t\t<\/div>\n\t\t\t\t<div class=\"elementor-element elementor-element-93679fc elementor-widget elementor-widget-text-editor\" data-id=\"93679fc\" data-element_type=\"widget\" data-e-type=\"widget\" data-widget_type=\"text-editor.default\">\n\t\t\t\t<div class=\"elementor-widget-container\">\n\t\t\t\t\t\t\t\t\t<p style=\"text-align: left;\">La biblioteko enhavas diversajn revuojn! Esploru ilin en la Cseh-Domo.<\/p><p style=\"text-align: left;\">Rigardu tra la <a href=\"\/bibrevuoj\">listo de nunaj kaj historiaj perioda\u0135oj<\/a>.<\/p>\t\t\t\t\t\t\t\t<\/div>\n\t\t\t\t<\/div>\n\t\t\t\t\t<\/div>\n\t\t<\/div>\n\t\t\t\t<div class=\"elementor-column elementor-col-50 elementor-top-column elementor-element elementor-element-ecc1849\" data-id=\"ecc1849\" data-element_type=\"column\" data-e-type=\"column\">\n\t\t\t<div class=\"elementor-widget-wrap elementor-element-populated\">\n\t\t\t\t\t\t<div class=\"elementor-element elementor-element-989f568 elementor-widget elementor-widget-image\" data-id=\"989f568\" data-element_type=\"widget\" data-e-type=\"widget\" data-widget_type=\"image.default\">\n\t\t\t\t<div class=\"elementor-widget-container\">\n\t\t\t\t\t\t\t\t\t\t\t\t\t\t\t<img decoding=\"async\" width=\"768\" height=\"456\" src=\"https:\/\/www.iei.nl\/wp-content\/uploads\/Radiesteza-Gazeto-768x456.png\" class=\"attachment-medium_large size-medium_large wp-image-1571\" alt=\"\" srcset=\"https:\/\/www.iei.nl\/wp-content\/uploads\/Radiesteza-Gazeto-768x456.png 768w, https:\/\/www.iei.nl\/wp-content\/uploads\/Radiesteza-Gazeto-300x178.png 300w, https:\/\/www.iei.nl\/wp-content\/uploads\/Radiesteza-Gazeto-1024x609.png 1024w, https:\/\/www.iei.nl\/wp-content\/uploads\/Radiesteza-Gazeto-1536x913.png 1536w, https:\/\/www.iei.nl\/wp-content\/uploads\/Radiesteza-Gazeto-2048x1217.png 2048w, https:\/\/www.iei.nl\/wp-content\/uploads\/Radiesteza-Gazeto-16x10.png 16w\" sizes=\"(max-width: 768px) 100vw, 768px\" \/>\t\t\t\t\t\t\t\t\t\t\t\t\t\t\t<\/div>\n\t\t\t\t<\/div>\n\t\t\t\t\t<\/div>\n\t\t<\/div>\n\t\t\t\t\t<\/div>\n\t\t<\/section>\n\t\t\t\t<section class=\"elementor-section elementor-top-section elementor-element elementor-element-787e1d8 elementor-section-boxed elementor-section-height-default elementor-section-height-default\" data-id=\"787e1d8\" data-element_type=\"section\" data-e-type=\"section\">\n\t\t\t\t\t\t<div class=\"elementor-container elementor-column-gap-default\">\n\t\t\t\t\t<div class=\"elementor-column elementor-col-100 elementor-top-column elementor-element elementor-element-8862900\" data-id=\"8862900\" data-element_type=\"column\" data-e-type=\"column\">\n\t\t\t<div class=\"elementor-widget-wrap elementor-element-populated\">\n\t\t\t\t\t\t<div class=\"elementor-element elementor-element-4980b37 elementor-widget elementor-widget-heading\" data-id=\"4980b37\" data-element_type=\"widget\" data-e-type=\"widget\" data-widget_type=\"heading.default\">\n\t\t\t\t<div class=\"elementor-widget-container\">\n\t\t\t\t\t<h2 class=\"elementor-heading-title elementor-size-default\">Lastaj artikoloj pri libroj<\/h2>\t\t\t\t<\/div>\n\t\t\t\t<\/div>\n\t\t\t\t<div class=\"elementor-element elementor-element-f844547 elementor-grid-3 elementor-grid-tablet-2 elementor-grid-mobile-1 elementor-posts--thumbnail-top elementor-widget elementor-widget-posts\" data-id=\"f844547\" data-element_type=\"widget\" data-e-type=\"widget\" data-settings=\"{&quot;classic_columns&quot;:&quot;3&quot;,&quot;classic_columns_tablet&quot;:&quot;2&quot;,&quot;classic_columns_mobile&quot;:&quot;1&quot;,&quot;classic_row_gap&quot;:{&quot;unit&quot;:&quot;px&quot;,&quot;size&quot;:35,&quot;sizes&quot;:[]},&quot;classic_row_gap_tablet&quot;:{&quot;unit&quot;:&quot;px&quot;,&quot;size&quot;:&quot;&quot;,&quot;sizes&quot;:[]},&quot;classic_row_gap_mobile&quot;:{&quot;unit&quot;:&quot;px&quot;,&quot;size&quot;:&quot;&quot;,&quot;sizes&quot;:[]}}\" data-widget_type=\"posts.classic\">\n\t\t\t\t<div class=\"elementor-widget-container\">\n\t\t\t\t\t\t\t<div class=\"elementor-posts-container elementor-posts elementor-posts--skin-classic elementor-grid\" role=\"list\">\n\t\t\t\t<article class=\"elementor-post elementor-grid-item post-1467 post type-post status-publish format-standard has-post-thumbnail hentry category-libroj\" role=\"listitem\">\n\t\t\t\t<a class=\"elementor-post__thumbnail__link\" href=\"https:\/\/www.iei.nl\/nl_nl\/2021\/01\/10\/reta-eldono-la-konversacia-vortaro-2021\/\" tabindex=\"-1\" >\n\t\t\t<div class=\"elementor-post__thumbnail\"><img loading=\"lazy\" decoding=\"async\" width=\"300\" height=\"171\" src=\"https:\/\/www.iei.nl\/wp-content\/uploads\/Konversacia-Vortaro-jan-2021-titolo-300x171.png\" class=\"attachment-medium size-medium wp-image-1468\" alt=\"Konversacia vortaro\" srcset=\"https:\/\/www.iei.nl\/wp-content\/uploads\/Konversacia-Vortaro-jan-2021-titolo-300x171.png 300w, https:\/\/www.iei.nl\/wp-content\/uploads\/Konversacia-Vortaro-jan-2021-titolo-768x438.png 768w, https:\/\/www.iei.nl\/wp-content\/uploads\/Konversacia-Vortaro-jan-2021-titolo-16x9.png 16w, https:\/\/www.iei.nl\/wp-content\/uploads\/Konversacia-Vortaro-jan-2021-titolo.png 897w\" sizes=\"(max-width: 300px) 100vw, 300px\" \/><\/div>\n\t\t<\/a>\n\t\t\t\t<div class=\"elementor-post__text\">\n\t\t\t\t<h3 class=\"elementor-post__title\">\n\t\t\t<a href=\"https:\/\/www.iei.nl\/nl_nl\/2021\/01\/10\/reta-eldono-la-konversacia-vortaro-2021\/\" >\n\t\t\t\tReta eldono: la Konversacia Vortaro 2021\t\t\t<\/a>\n\t\t<\/h3>\n\t\t\t\t<div class=\"elementor-post__meta-data\">\n\t\t\t\t\t<span class=\"elementor-post-date\">\n\t\t\t10\/01\/2021\t\t<\/span>\n\t\t\t\t<\/div>\n\t\t\t\t<div class=\"elementor-post__excerpt\">\n\t\t\t<p>Jam en la 1920-aj jaroj Andreo Cseh instruis Esperanton per sia rekta metodo. Tio signifas ke li neniam uzis naciajn lingvojn dum siaj kursoj. Kiam<\/p>\n\t\t<\/div>\n\t\t\n\t\t<a class=\"elementor-post__read-more\" href=\"https:\/\/www.iei.nl\/nl_nl\/2021\/01\/10\/reta-eldono-la-konversacia-vortaro-2021\/\" aria-label=\"Lees meer over Reta eldono: la Konversacia Vortaro 2021\" tabindex=\"-1\" >\n\t\t\tLegu pli!\t\t<\/a>\n\n\t\t\t\t<\/div>\n\t\t\t\t<\/article>\n\t\t\t\t<article class=\"elementor-post elementor-grid-item post-1399 post type-post status-publish format-standard has-post-thumbnail hentry category-libroj\" role=\"listitem\">\n\t\t\t\t<a class=\"elementor-post__thumbnail__link\" href=\"https:\/\/www.iei.nl\/nl_nl\/2020\/12\/18\/marta-historia-libro-por-virinaj-rajtoj\/\" tabindex=\"-1\" >\n\t\t\t<div class=\"elementor-post__thumbnail\"><img loading=\"lazy\" decoding=\"async\" width=\"229\" height=\"300\" src=\"https:\/\/www.iei.nl\/wp-content\/uploads\/1928_Marta-Orzeszko-229x300.jpg\" class=\"attachment-medium size-medium wp-image-1400\" alt=\"Marta\" srcset=\"https:\/\/www.iei.nl\/wp-content\/uploads\/1928_Marta-Orzeszko-229x300.jpg 229w, https:\/\/www.iei.nl\/wp-content\/uploads\/1928_Marta-Orzeszko-783x1024.jpg 783w, https:\/\/www.iei.nl\/wp-content\/uploads\/1928_Marta-Orzeszko-768x1004.jpg 768w, https:\/\/www.iei.nl\/wp-content\/uploads\/1928_Marta-Orzeszko-9x12.jpg 9w, https:\/\/www.iei.nl\/wp-content\/uploads\/1928_Marta-Orzeszko.jpg 1142w\" sizes=\"(max-width: 229px) 100vw, 229px\" \/><\/div>\n\t\t<\/a>\n\t\t\t\t<div class=\"elementor-post__text\">\n\t\t\t\t<h3 class=\"elementor-post__title\">\n\t\t\t<a href=\"https:\/\/www.iei.nl\/nl_nl\/2020\/12\/18\/marta-historia-libro-por-virinaj-rajtoj\/\" >\n\t\t\t\tMarta: historia libro por virinaj rajtoj\t\t\t<\/a>\n\t\t<\/h3>\n\t\t\t\t<div class=\"elementor-post__meta-data\">\n\t\t\t\t\t<span class=\"elementor-post-date\">\n\t\t\t18\/12\/2020\t\t<\/span>\n\t\t\t\t<\/div>\n\t\t\t\t<div class=\"elementor-post__excerpt\">\n\t\t\t<p>Marta estas romano el 1873, pledanta por virinaj rajtoj, verkita de la polino Eliza Orzeszko kaj tradukita en Esperanton de L. L. Zamenhof en 1910.<\/p>\n\t\t<\/div>\n\t\t\n\t\t<a class=\"elementor-post__read-more\" href=\"https:\/\/www.iei.nl\/nl_nl\/2020\/12\/18\/marta-historia-libro-por-virinaj-rajtoj\/\" aria-label=\"Lees meer over Marta: historia libro por virinaj rajtoj\" tabindex=\"-1\" >\n\t\t\tLegu pli!\t\t<\/a>\n\n\t\t\t\t<\/div>\n\t\t\t\t<\/article>\n\t\t\t\t<\/div>\n\t\t\n\t\t\t\t\t\t<\/div>\n\t\t\t\t<\/div>\n\t\t\t\t\t<\/div>\n\t\t<\/div>\n\t\t\t\t\t<\/div>\n\t\t<\/section>\n\t\t\t\t<\/div>\n\t\t","protected":false},"excerpt":{"rendered":"<p>Libra kaj revua biblioteko de laInternacia Esperanto-Instituto Biblioteka\u0135oj ne estas prunteblaj a\u016d a\u0109eteblaj. Bonvolu interkonsenti rendevuon por enrigardi la verkojn en la biblioteko de IEI. Enhavo Libroj La biblioteko de IEI enhavas pli ol 4000 libroj! Libroj Inkunabloj Libroj Rigardu tra\u00a0la a\u016dtoroj A \u011dis \u011c kun William Auld, Julio Baghy kaj Marjorie Boulton. Rigardu tra\u00a0la [&hellip;]<\/p>\n","protected":false},"author":4,"featured_media":0,"parent":0,"menu_order":0,"comment_status":"closed","ping_status":"closed","template":"","meta":{"footnotes":""},"class_list":["post-1961","page","type-page","status-publish","hentry"],"_links":{"self":[{"href":"https:\/\/www.iei.nl\/nl_nl\/wp-json\/wp\/v2\/pages\/1961","targetHints":{"allow":["GET"]}}],"collection":[{"href":"https:\/\/www.iei.nl\/nl_nl\/wp-json\/wp\/v2\/pages"}],"about":[{"href":"https:\/\/www.iei.nl\/nl_nl\/wp-json\/wp\/v2\/types\/page"}],"author":[{"embeddable":true,"href":"https:\/\/www.iei.nl\/nl_nl\/wp-json\/wp\/v2\/users\/4"}],"replies":[{"embeddable":true,"href":"https:\/\/www.iei.nl\/nl_nl\/wp-json\/wp\/v2\/comments?post=1961"}],"version-history":[{"count":16,"href":"https:\/\/www.iei.nl\/nl_nl\/wp-json\/wp\/v2\/pages\/1961\/revisions"}],"predecessor-version":[{"id":2502,"href":"https:\/\/www.iei.nl\/nl_nl\/wp-json\/wp\/v2\/pages\/1961\/revisions\/2502"}],"wp:attachment":[{"href":"https:\/\/www.iei.nl\/nl_nl\/wp-json\/wp\/v2\/media?parent=1961"}],"curies":[{"name":"wp","href":"https:\/\/api.w.org\/{rel}","templated":true}]}}