{"id":22,"date":"2018-09-27T08:25:22","date_gmt":"2018-09-27T06:25:22","guid":{"rendered":"http:\/\/iei.nl\/wp\/?page_id=22"},"modified":"2024-06-15T13:46:41","modified_gmt":"2024-06-15T11:46:41","slug":"estraro","status":"publish","type":"page","link":"https:\/\/www.iei.nl\/nl_nl\/estraro\/","title":{"rendered":"Bestuur"},"content":{"rendered":"<div data-elementor-type=\"wp-post\" data-elementor-id=\"22\" class=\"elementor elementor-22\" data-elementor-post-type=\"page\">\n\t\t\t\t\t\t<section class=\"elementor-section elementor-top-section elementor-element elementor-element-253a9176 elementor-section-content-middle elementor-section-boxed elementor-section-height-default elementor-section-height-default\" data-id=\"253a9176\" data-element_type=\"section\" data-e-type=\"section\" data-settings=\"{&quot;background_background&quot;:&quot;classic&quot;}\">\n\t\t\t\t\t\t<div class=\"elementor-container elementor-column-gap-default\">\n\t\t\t\t\t<div class=\"elementor-column elementor-col-50 elementor-top-column elementor-element elementor-element-5cf66c6b\" data-id=\"5cf66c6b\" data-element_type=\"column\" data-e-type=\"column\" data-settings=\"{&quot;background_background&quot;:&quot;classic&quot;}\">\n\t\t\t<div class=\"elementor-widget-wrap elementor-element-populated\">\n\t\t\t\t\t\t<div class=\"elementor-element elementor-element-3fb07692 elementor-widget elementor-widget-heading\" data-id=\"3fb07692\" data-element_type=\"widget\" data-e-type=\"widget\" data-widget_type=\"heading.default\">\n\t\t\t\t<div class=\"elementor-widget-container\">\n\t\t\t\t\t<h2 class=\"elementor-heading-title elementor-size-default\">Bestuur van het<br class=\"Apple-interchange-newline\"><span>Internationaal Esperanto-Instituut<\/span><\/h2>\t\t\t\t<\/div>\n\t\t\t\t<\/div>\n\t\t\t\t<div class=\"elementor-element elementor-element-c115808 elementor-widget elementor-widget-text-editor\" data-id=\"c115808\" data-element_type=\"widget\" data-e-type=\"widget\" data-widget_type=\"text-editor.default\">\n\t\t\t\t<div class=\"elementor-widget-container\">\n\t\t\t\t\t\t\t\t\t<p>Het huidige bestuur van het IEI is:<\/p>\n<ul>\n<li><strong>Voorzitter<\/strong>&nbsp;vacant<\/li>\n<li><strong>Penningmeester <\/strong>L. E. de Kock<\/li>\n<li><strong>Secretaris<\/strong>&nbsp;J. W. van Holstein<\/li>\n<li><strong>Bestuurslid<\/strong>&nbsp;S. Veen<\/li>\n<\/ul>\n<div>\n<hr>\n<\/div>\n<div style=\"padding-left: 40px;\">La estraraneco estas volontula.<\/div>\t\t\t\t\t\t\t\t<\/div>\n\t\t\t\t<\/div>\n\t\t\t\t<div class=\"elementor-element elementor-element-8b964c0 elementor-position-top elementor-widget elementor-widget-image-box\" data-id=\"8b964c0\" data-element_type=\"widget\" data-e-type=\"widget\" data-widget_type=\"image-box.default\">\n\t\t\t\t<div class=\"elementor-widget-container\">\n\t\t\t\t\t<div class=\"elementor-image-box-wrapper\"><figure class=\"elementor-image-box-img\"><img decoding=\"async\" width=\"100\" height=\"135\" src=\"https:\/\/www.iei.nl\/wp-content\/uploads\/image003-1-e1549396179884.jpg\" class=\"attachment-full size-full wp-image-601\" alt=\"\" \/><\/figure><div class=\"elementor-image-box-content\"><h3 class=\"elementor-image-box-title\">Jolanta van Holstein<\/h3><p class=\"elementor-image-box-description\"><b>Jolanta van Holstein<\/b> studis hortikulturon en Pozna\u0144 (Pollando). \u015ci esperantisti\u011dis en 1981. Dum la jubilea Universala Kongreso en 1987 en Varsovio \u015di estis volontulino. Ekde 1988 \u011dis 1990, kiam \u015di transloki\u011dis al Nederlando, \u015di estis prezidantino de la Esperantoklubo en \u015dia naski\u011durbo S\u0142upsk.<br><br>In Nederland woont ze in het dorp Naaldwijk, in de tuinbouwregio Westland.<br><br>In 2011 richtte Jolanta haar eigen vertaalbedrijf op, genaamd \u201cMulti Modis Taalservice\u201d, dat vertaaldiensten aanbiedt van het Nederlands in het Pools, alsmede taalondersteuning en advisering aan Nederlandse ondernemingen. Ze werkt beroepshalve samen met tuinbouwers en grote exportondernemingen gelegen nabij de bloemenveiling \u201cFlora Holland\u201d in Naaldwijk.<\/p><\/div><\/div>\t\t\t\t<\/div>\n\t\t\t\t<\/div>\n\t\t\t\t\t<\/div>\n\t\t<\/div>\n\t\t\t\t<div class=\"elementor-column elementor-col-50 elementor-top-column elementor-element elementor-element-4d83e306\" data-id=\"4d83e306\" data-element_type=\"column\" data-e-type=\"column\">\n\t\t\t<div class=\"elementor-widget-wrap elementor-element-populated\">\n\t\t\t\t\t\t<div class=\"elementor-element elementor-element-3a4eaf54 elementor-widget elementor-widget-image\" data-id=\"3a4eaf54\" data-element_type=\"widget\" data-e-type=\"widget\" data-widget_type=\"image.default\">\n\t\t\t\t<div class=\"elementor-widget-container\">\n\t\t\t\t\t\t\t\t\t\t\t\t\t\t\t<img fetchpriority=\"high\" decoding=\"async\" width=\"800\" height=\"599\" src=\"https:\/\/www.iei.nl\/wp-content\/uploads\/Praktiko-1.png\" class=\"attachment-large size-large wp-image-766\" alt=\"\" srcset=\"https:\/\/www.iei.nl\/wp-content\/uploads\/Praktiko-1.png 866w, https:\/\/www.iei.nl\/wp-content\/uploads\/Praktiko-1-300x224.png 300w, https:\/\/www.iei.nl\/wp-content\/uploads\/Praktiko-1-768x575.png 768w\" sizes=\"(max-width: 800px) 100vw, 800px\" \/>\t\t\t\t\t\t\t\t\t\t\t\t\t\t\t<\/div>\n\t\t\t\t<\/div>\n\t\t\t\t<div class=\"elementor-element elementor-element-b9cae91 elementor-position-top elementor-widget elementor-widget-image-box\" data-id=\"b9cae91\" data-element_type=\"widget\" data-e-type=\"widget\" data-widget_type=\"image-box.default\">\n\t\t\t\t<div class=\"elementor-widget-container\">\n\t\t\t\t\t<div class=\"elementor-image-box-wrapper\"><figure class=\"elementor-image-box-img\"><img decoding=\"async\" width=\"100\" height=\"135\" src=\"https:\/\/www.iei.nl\/wp-content\/uploads\/image007-1-e1549396119882.jpg\" class=\"attachment-full size-full wp-image-602\" alt=\"\" \/><\/figure><div class=\"elementor-image-box-content\"><h3 class=\"elementor-image-box-title\">Saskia Veen<\/h3><p class=\"elementor-image-box-description\"><span style=\"font-weight: bolder;text-align: start\">Saskia Veen<\/span><span style=\"text-align: start\">&nbsp;is Esperantist van de derde generatie, maar Esperanto is niet haar moedertaal, want haar ouders wilden dat ze op de eerste plaats de kneepjes van de Nederlandse taal zou leren. Ze studeerde harp bij de conservatoria van Amsterdam, Utrecht en Maastricht. Daarna onderwees ze Keltische harp aan diverse muziekacademies in Nederland en Belgi\u00eb en gaf tegelijkertijd concerten in orkesten, met koren en kamermuziekensembles.<\/span><br><br><span style=\"text-align: start\">Gedurende vele jaren was ze voorzitter van de Jongerenafdeling van de Sennacieca Asocio Tutmonda en organiseerde ze internationale bijeenkomsten voor jongeren.<\/span><\/p><\/div><\/div>\t\t\t\t<\/div>\n\t\t\t\t<\/div>\n\t\t\t\t<div class=\"elementor-element elementor-element-7d475c6 elementor-position-top elementor-widget elementor-widget-image-box\" data-id=\"7d475c6\" data-element_type=\"widget\" data-e-type=\"widget\" data-widget_type=\"image-box.default\">\n\t\t\t\t<div class=\"elementor-widget-container\">\n\t\t\t\t\t<div class=\"elementor-image-box-wrapper\"><figure class=\"elementor-image-box-img\"><img loading=\"lazy\" decoding=\"async\" width=\"1\" height=\"1\" src=\"https:\/\/www.iei.nl\/wp-content\/uploads\/fvdb-portretten-commissie-12.jpg\" class=\"attachment-medium_large size-medium_large wp-image-2250\" alt=\"\" \/><\/figure><div class=\"elementor-image-box-content\"><h3 class=\"elementor-image-box-title\">Ward de Kock<\/h3><p class=\"elementor-image-box-description\"><b>Ward de Kock<\/b> studis socian kaj politikan historion en la nederlanda Universitato de Leiden. Dum lia studado, li pristudis idealistojn kaj iliajn revojn pri la mondestonto. Nuntempe Ward laboras kiel \u015dtatoficisto \u0109e la Ministerio de Publika Sano, Bonfarto kaj Sporto. Li havas profesian konon pri ar\u0125iva administrado kaj laboris pri diversaj \u015dtataj ar\u0125ivoj.<br><br><span style=\"text-align: start\">En 2017 li verkis bakala\u016dran tezon pri laborista esperantismo en Nederlando kaj pri la unua prezidanto de la Nederlanda Federacio de Laboristaj Esperantistoj, Wijtze Nutters. Ekde tiu tezo, li paroladis pri tiu kaj rilataj temoj, interalie \u0109e la Amsterdama Rondo, Esperanto Nederland kaj la malferma tago de Universala Esperanto-Asocio.<\/span><\/p><\/div><\/div>\t\t\t\t<\/div>\n\t\t\t\t<\/div>\n\t\t\t\t\t<\/div>\n\t\t<\/div>\n\t\t\t\t\t<\/div>\n\t\t<\/section>\n\t\t\t\t<\/div>","protected":false},"excerpt":{"rendered":"<p>Estraro de laInternacia Esperanto-Instituto La nuna estraro de IEI estas: Prezidanto&nbsp;vakas Kasisto s-ro L.E. de Kock Sekretario&nbsp;s-ino J.W. van Holstein Membro&nbsp;s-ino S. Veen La estraraneco estas volontula. Jolanta van Holstein Jolanta van Holstein studis hortikulturon en Pozna\u0144 (Pollando). \u015ci esperantisti\u011dis en 1981. Dum la jubilea Universala Kongreso en 1987 en Varsovio \u015di estis volontulino. Ekde [&hellip;]<\/p>\n","protected":false},"author":4,"featured_media":0,"parent":0,"menu_order":0,"comment_status":"closed","ping_status":"closed","template":"","meta":{"footnotes":""},"class_list":["post-22","page","type-page","status-publish","hentry"],"_links":{"self":[{"href":"https:\/\/www.iei.nl\/nl_nl\/wp-json\/wp\/v2\/pages\/22","targetHints":{"allow":["GET"]}}],"collection":[{"href":"https:\/\/www.iei.nl\/nl_nl\/wp-json\/wp\/v2\/pages"}],"about":[{"href":"https:\/\/www.iei.nl\/nl_nl\/wp-json\/wp\/v2\/types\/page"}],"author":[{"embeddable":true,"href":"https:\/\/www.iei.nl\/nl_nl\/wp-json\/wp\/v2\/users\/4"}],"replies":[{"embeddable":true,"href":"https:\/\/www.iei.nl\/nl_nl\/wp-json\/wp\/v2\/comments?post=22"}],"version-history":[{"count":74,"href":"https:\/\/www.iei.nl\/nl_nl\/wp-json\/wp\/v2\/pages\/22\/revisions"}],"predecessor-version":[{"id":2256,"href":"https:\/\/www.iei.nl\/nl_nl\/wp-json\/wp\/v2\/pages\/22\/revisions\/2256"}],"wp:attachment":[{"href":"https:\/\/www.iei.nl\/nl_nl\/wp-json\/wp\/v2\/media?parent=22"}],"curies":[{"name":"wp","href":"https:\/\/api.w.org\/{rel}","templated":true}]}}