{"id":2507,"date":"2025-05-17T10:13:28","date_gmt":"2025-05-17T08:13:28","guid":{"rendered":"https:\/\/www.iei.nl\/?page_id=2507"},"modified":"2025-05-17T10:17:09","modified_gmt":"2025-05-17T08:17:09","slug":"provleciono","status":"publish","type":"page","link":"https:\/\/www.iei.nl\/nl_nl\/provleciono\/","title":{"rendered":"Proefles"},"content":{"rendered":"\t\t<div data-elementor-type=\"wp-page\" data-elementor-id=\"2507\" class=\"elementor elementor-2507\" data-elementor-post-type=\"page\">\n\t\t\t\t\t\t<section class=\"elementor-section elementor-top-section elementor-element elementor-element-471d748 elementor-section-boxed elementor-section-height-default elementor-section-height-default\" data-id=\"471d748\" data-element_type=\"section\" data-e-type=\"section\">\n\t\t\t\t\t\t<div class=\"elementor-container elementor-column-gap-default\">\n\t\t\t\t\t<div class=\"elementor-column elementor-col-100 elementor-top-column elementor-element elementor-element-9a5460b\" data-id=\"9a5460b\" data-element_type=\"column\" data-e-type=\"column\">\n\t\t\t<div class=\"elementor-widget-wrap\">\n\t\t\t\t\t\t\t<\/div>\n\t\t<\/div>\n\t\t\t\t\t<\/div>\n\t\t<\/section>\n\t\t\t\t<section class=\"elementor-section elementor-top-section elementor-element elementor-element-4e6f92c elementor-section-boxed elementor-section-height-default elementor-section-height-default\" data-id=\"4e6f92c\" data-element_type=\"section\" data-e-type=\"section\" data-settings=\"{&quot;background_background&quot;:&quot;slideshow&quot;,&quot;background_slideshow_gallery&quot;:[{&quot;id&quot;:1223,&quot;url&quot;:&quot;http:\\\/\\\/www.iei.nl\\\/wp-content\\\/uploads\\\/CCI27022019_0007.jpeg&quot;}],&quot;background_slideshow_loop&quot;:&quot;yes&quot;,&quot;background_slideshow_slide_duration&quot;:5000,&quot;background_slideshow_slide_transition&quot;:&quot;fade&quot;,&quot;background_slideshow_transition_duration&quot;:500}\">\n\t\t\t\t\t\t\t<div class=\"elementor-background-overlay\"><\/div>\n\t\t\t\t\t\t\t<div class=\"elementor-container elementor-column-gap-default\">\n\t\t\t\t\t<div class=\"elementor-column elementor-col-100 elementor-top-column elementor-element elementor-element-cf73746\" data-id=\"cf73746\" data-element_type=\"column\" data-e-type=\"column\">\n\t\t\t<div class=\"elementor-widget-wrap elementor-element-populated\">\n\t\t\t\t\t\t<div class=\"elementor-element elementor-element-4e27739 elementor-widget elementor-widget-heading\" data-id=\"4e27739\" data-element_type=\"widget\" data-e-type=\"widget\" data-widget_type=\"heading.default\">\n\t\t\t\t<div class=\"elementor-widget-container\">\n\t\t\t\t\t<h2 class=\"elementor-heading-title elementor-size-default\">\u0108u vi deziras provlecionon? <br class=\"Apple-interchange-newline\"><font color=\"#007d13\"><span>Ni interkonsentu daton!<\/span><\/font><\/h2>\t\t\t\t<\/div>\n\t\t\t\t<\/div>\n\t\t\t\t<div class=\"elementor-element elementor-element-65cc0ac elementor-widget elementor-widget-text-editor\" data-id=\"65cc0ac\" data-element_type=\"widget\" data-e-type=\"widget\" data-widget_type=\"text-editor.default\">\n\t\t\t\t<div class=\"elementor-widget-container\">\n\t\t\t\t\t\t\t\t\t<p><span style=\"font-family: var( --e-global-typography-text-font-family ), Sans-serif; font-size: 1rem; background-color: rgba(255, 255, 255, 0);\">Esperanto estas tre amuza lingvo por \u0109iuj! Vi povas facile kaj rapide eklerni la lingvon, dank&#8217; al la facila gramatiko. La bazajn regulojn vi en unu leciono lernas. Vi ekkreas novajn frazojn kaj e\u0109 novajn vortojn<\/span><span style=\"font-family: var( --e-global-typography-text-font-family ), Sans-serif; font-size: 1rem; background-color: rgba(255, 255, 255, 0);\">.<\/span><\/p><p><span style=\"background-color: rgba(255, 255, 255, 0); font-size: 1rem;\">IEI \u015datus enkonduki la lingvon kaj \u011diajn eblojn al vi!<\/span><\/p>\t\t\t\t\t\t\t\t<\/div>\n\t\t\t\t<\/div>\n\t\t\t\t<div class=\"elementor-element elementor-element-4fd28ae elementor-align-center elementor-widget elementor-widget-button\" data-id=\"4fd28ae\" data-element_type=\"widget\" data-e-type=\"widget\" data-widget_type=\"button.default\">\n\t\t\t\t<div class=\"elementor-widget-container\">\n\t\t\t\t\t\t\t\t\t<div class=\"elementor-button-wrapper\">\n\t\t\t\t\t<a class=\"elementor-button elementor-button-link elementor-size-sm\" href=\"mailto:esperanto@iei.nl\">\n\t\t\t\t\t\t<span class=\"elementor-button-content-wrapper\">\n\t\t\t\t\t\t\t\t\t<span class=\"elementor-button-text\">Ni interkonsentu la plej bonan aran\u011don por vi<\/span>\n\t\t\t\t\t<\/span>\n\t\t\t\t\t<\/a>\n\t\t\t\t<\/div>\n\t\t\t\t\t\t\t\t<\/div>\n\t\t\t\t<\/div>\n\t\t\t\t\t<\/div>\n\t\t<\/div>\n\t\t\t\t\t<\/div>\n\t\t<\/section>\n\t\t\t\t<\/div>\n\t\t","protected":false},"excerpt":{"rendered":"<p>\u0108u vi deziras provlecionon? Ni interkonsentu daton! Esperanto estas tre amuza lingvo por \u0109iuj! Vi povas facile kaj rapide eklerni la lingvon, dank&#8217; al la facila gramatiko. La bazajn regulojn vi en unu leciono lernas. Vi ekkreas novajn frazojn kaj e\u0109 novajn vortojn. IEI \u015datus enkonduki la lingvon kaj \u011diajn eblojn al vi! Ni interkonsentu [&hellip;]<\/p>\n","protected":false},"author":4,"featured_media":0,"parent":0,"menu_order":0,"comment_status":"closed","ping_status":"closed","template":"","meta":{"footnotes":""},"class_list":["post-2507","page","type-page","status-publish","hentry"],"_links":{"self":[{"href":"https:\/\/www.iei.nl\/nl_nl\/wp-json\/wp\/v2\/pages\/2507","targetHints":{"allow":["GET"]}}],"collection":[{"href":"https:\/\/www.iei.nl\/nl_nl\/wp-json\/wp\/v2\/pages"}],"about":[{"href":"https:\/\/www.iei.nl\/nl_nl\/wp-json\/wp\/v2\/types\/page"}],"author":[{"embeddable":true,"href":"https:\/\/www.iei.nl\/nl_nl\/wp-json\/wp\/v2\/users\/4"}],"replies":[{"embeddable":true,"href":"https:\/\/www.iei.nl\/nl_nl\/wp-json\/wp\/v2\/comments?post=2507"}],"version-history":[{"count":4,"href":"https:\/\/www.iei.nl\/nl_nl\/wp-json\/wp\/v2\/pages\/2507\/revisions"}],"predecessor-version":[{"id":2511,"href":"https:\/\/www.iei.nl\/nl_nl\/wp-json\/wp\/v2\/pages\/2507\/revisions\/2511"}],"wp:attachment":[{"href":"https:\/\/www.iei.nl\/nl_nl\/wp-json\/wp\/v2\/media?parent=2507"}],"curies":[{"name":"wp","href":"https:\/\/api.w.org\/{rel}","templated":true}]}}