{"id":38,"date":"2018-09-27T08:27:30","date_gmt":"2018-09-27T06:27:30","guid":{"rendered":"http:\/\/iei.nl\/wp\/?page_id=38"},"modified":"2025-01-31T14:09:33","modified_gmt":"2025-01-31T13:09:33","slug":"konversaciaj-ebloj","status":"publish","type":"page","link":"https:\/\/www.iei.nl\/nl_nl\/konversaciaj-ebloj\/","title":{"rendered":"Gespreksmogelijkheden"},"content":{"rendered":"<div data-elementor-type=\"wp-post\" data-elementor-id=\"38\" class=\"elementor elementor-38\" data-elementor-post-type=\"page\">\n\t\t\t\t\t\t<section class=\"elementor-section elementor-top-section elementor-element elementor-element-29e13ff7 elementor-section-content-middle elementor-section-boxed elementor-section-height-default elementor-section-height-default\" data-id=\"29e13ff7\" data-element_type=\"section\" data-e-type=\"section\">\n\t\t\t\t\t\t<div class=\"elementor-container elementor-column-gap-default\">\n\t\t\t\t\t<div class=\"elementor-column elementor-col-50 elementor-top-column elementor-element elementor-element-ea70b55\" data-id=\"ea70b55\" data-element_type=\"column\" data-e-type=\"column\">\n\t\t\t<div class=\"elementor-widget-wrap elementor-element-populated\">\n\t\t\t\t\t\t<div class=\"elementor-element elementor-element-2721c625 elementor-widget elementor-widget-heading\" data-id=\"2721c625\" data-element_type=\"widget\" data-e-type=\"widget\" data-widget_type=\"heading.default\">\n\t\t\t\t<div class=\"elementor-widget-container\">\n\t\t\t\t\t<h2 class=\"elementor-heading-title elementor-size-default\">Gespreksmogelijkheden bij het<br class=\"Apple-interchange-newline\"><span>Internationaal Esperanto-Instituut<\/span><\/h2>\t\t\t\t<\/div>\n\t\t\t\t<\/div>\n\t\t\t\t<div class=\"elementor-element elementor-element-42ca7630 elementor-widget elementor-widget-text-editor\" data-id=\"42ca7630\" data-element_type=\"widget\" data-e-type=\"widget\" data-widget_type=\"text-editor.default\">\n\t\t\t\t<div class=\"elementor-widget-container\">\n\t\t\t\t\t\t\t\t\t<h4 style=\"font-family: Montserrat, sans-serif; color: #494949;\">Bezoek Den Haag om Esperanto te spreken!<\/h4><p>In Den Haag bevindt zich het Internationaal Esperanto-Instituut, op het adres Riouwstraat 172.<\/p><p>Op diverse dagen is het mogelijk om geheel kosteloos Esperanto te oefenen met een van de vrijwilligers van het instituut. Je bent zowel in je eentje als met anderen welkom. Het is ook mogelijk om moeilijkheden met het leren van de taal te bespreken. Daarnaast biedt het bezoek een mooie kans om in de bibliotheek te kijken of om met kortig een Esperanto-boek aan te schaffen.<\/p><p>Het is belangrijk een van te voren een afspraak te maken via e-mail.<\/p><p>Bezoek aan het IEI is makkelijk te combineren met een bezoek aan de stad, met haar bezienswaardigheden (diverse musea, paleizen en andere, zoals het\u00a0<a href=\"https:\/\/eo.wikipedia.org\/wiki\/Palaco_de_Paco\" target=\"_blank\" rel=\"noopener\">Vredespaleis<\/a>, het parlementsgebouw,\u00a0<a href=\"https:\/\/eo.wikipedia.org\/wiki\/Madurodam\" target=\"_blank\" rel=\"noopener\">Madurodam<\/a>, het\u00a0<a href=\"https:\/\/eo.wikipedia.org\/wiki\/Scheveningen\" target=\"_blank\" rel=\"noopener\">strand<\/a>\u00a0en meer).<\/p><p>Volonte \u011dis renkonto!<\/p>\t\t\t\t\t\t\t\t<\/div>\n\t\t\t\t<\/div>\n\t\t\t\t\t<\/div>\n\t\t<\/div>\n\t\t\t\t<div class=\"elementor-column elementor-col-50 elementor-top-column elementor-element elementor-element-78d599b3\" data-id=\"78d599b3\" data-element_type=\"column\" data-e-type=\"column\">\n\t\t\t<div class=\"elementor-widget-wrap elementor-element-populated\">\n\t\t\t\t\t\t<div class=\"elementor-element elementor-element-62ea9a76 elementor-widget elementor-widget-image\" data-id=\"62ea9a76\" data-element_type=\"widget\" data-e-type=\"widget\" data-widget_type=\"image.default\">\n\t\t\t\t<div class=\"elementor-widget-container\">\n\t\t\t\t\t\t\t\t\t\t\t\t\t\t\t<img fetchpriority=\"high\" decoding=\"async\" width=\"604\" height=\"613\" src=\"https:\/\/www.iei.nl\/wp-content\/uploads\/IEI-emblemo-kaj-domo-hela-v2.png\" class=\"attachment-large size-large wp-image-833\" alt=\"\" srcset=\"https:\/\/www.iei.nl\/wp-content\/uploads\/IEI-emblemo-kaj-domo-hela-v2.png 604w, https:\/\/www.iei.nl\/wp-content\/uploads\/IEI-emblemo-kaj-domo-hela-v2-296x300.png 296w\" sizes=\"(max-width: 604px) 100vw, 604px\" \/>\t\t\t\t\t\t\t\t\t\t\t\t\t\t\t<\/div>\n\t\t\t\t<\/div>\n\t\t\t\t\t<\/div>\n\t\t<\/div>\n\t\t\t\t\t<\/div>\n\t\t<\/section>\n\t\t\t\t<\/div>","protected":false},"excerpt":{"rendered":"<p>Konversaciaj ebloj \u0109e laInternacia Esperanto- Instituto Venu al Hago por paroli Esperanton! En Hago trovi\u011das la Internacia Esperanto-Instituto \u0109e Riouwstraat 172. Je diversaj tagoj estas eble tute libere kaj senkoste ekzerci la paroladon de Esperanto kun unu el la estraranoj\u00a0(jes a\u016d ne kune kun aliaj \u0109eestantoj). Anka\u016d estas eble priparoli kun vi lerno- a\u016d lingvoproblemojn.\u00a0Se [&hellip;]<\/p>\n","protected":false},"author":4,"featured_media":0,"parent":0,"menu_order":0,"comment_status":"closed","ping_status":"closed","template":"","meta":{"footnotes":""},"class_list":["post-38","page","type-page","status-publish","hentry"],"_links":{"self":[{"href":"https:\/\/www.iei.nl\/nl_nl\/wp-json\/wp\/v2\/pages\/38","targetHints":{"allow":["GET"]}}],"collection":[{"href":"https:\/\/www.iei.nl\/nl_nl\/wp-json\/wp\/v2\/pages"}],"about":[{"href":"https:\/\/www.iei.nl\/nl_nl\/wp-json\/wp\/v2\/types\/page"}],"author":[{"embeddable":true,"href":"https:\/\/www.iei.nl\/nl_nl\/wp-json\/wp\/v2\/users\/4"}],"replies":[{"embeddable":true,"href":"https:\/\/www.iei.nl\/nl_nl\/wp-json\/wp\/v2\/comments?post=38"}],"version-history":[{"count":11,"href":"https:\/\/www.iei.nl\/nl_nl\/wp-json\/wp\/v2\/pages\/38\/revisions"}],"predecessor-version":[{"id":2468,"href":"https:\/\/www.iei.nl\/nl_nl\/wp-json\/wp\/v2\/pages\/38\/revisions\/2468"}],"wp:attachment":[{"href":"https:\/\/www.iei.nl\/nl_nl\/wp-json\/wp\/v2\/media?parent=38"}],"curies":[{"name":"wp","href":"https:\/\/api.w.org\/{rel}","templated":true}]}}