{"id":707,"date":"2019-08-02T14:40:55","date_gmt":"2019-08-02T12:40:55","guid":{"rendered":"http:\/\/01082019.iei.nl\/?page_id=707"},"modified":"2025-07-23T21:03:55","modified_gmt":"2025-07-23T19:03:55","slug":"vendejo","status":"publish","type":"page","link":"https:\/\/www.iei.nl\/nl_nl\/vendejo\/","title":{"rendered":"Winkeltje"},"content":{"rendered":"\t\t<div data-elementor-type=\"wp-post\" data-elementor-id=\"707\" class=\"elementor elementor-707\" data-elementor-post-type=\"page\">\n\t\t\t\t\t\t<section class=\"elementor-section elementor-top-section elementor-element elementor-element-48cd630f elementor-section-content-middle elementor-section-full_width elementor-section-height-default elementor-section-height-default\" data-id=\"48cd630f\" data-element_type=\"section\" data-e-type=\"section\">\n\t\t\t\t\t\t<div class=\"elementor-container elementor-column-gap-default\">\n\t\t\t\t\t<div class=\"elementor-column elementor-col-66 elementor-top-column elementor-element elementor-element-79158035\" data-id=\"79158035\" data-element_type=\"column\" data-e-type=\"column\">\n\t\t\t<div class=\"elementor-widget-wrap elementor-element-populated\">\n\t\t\t\t\t\t<div class=\"elementor-element elementor-element-587ff72 elementor-widget elementor-widget-heading\" data-id=\"587ff72\" data-element_type=\"widget\" data-e-type=\"widget\" data-widget_type=\"heading.default\">\n\t\t\t\t<div class=\"elementor-widget-container\">\n\t\t\t\t\t<h1 class=\"elementor-heading-title elementor-size-default\">Vendejo de la<br class=\"Apple-interchange-newline\"><span>Internacia Esperanto-Instituto<\/span><\/h1>\t\t\t\t<\/div>\n\t\t\t\t<\/div>\n\t\t\t\t<div class=\"elementor-element elementor-element-567c588 elementor-toc--minimized-on-tablet elementor-widget elementor-widget-table-of-contents\" data-id=\"567c588\" data-element_type=\"widget\" data-e-type=\"widget\" data-settings=\"{&quot;headings_by_tags&quot;:[&quot;h2&quot;,&quot;h4&quot;,&quot;h5&quot;],&quot;exclude_headings_by_selector&quot;:[],&quot;marker_view&quot;:&quot;bullets&quot;,&quot;icon&quot;:{&quot;value&quot;:&quot;&quot;,&quot;library&quot;:&quot;&quot;},&quot;no_headings_message&quot;:&quot;No headings were found on this page.&quot;,&quot;minimize_box&quot;:&quot;yes&quot;,&quot;minimized_on&quot;:&quot;tablet&quot;,&quot;hierarchical_view&quot;:&quot;yes&quot;,&quot;min_height&quot;:{&quot;unit&quot;:&quot;px&quot;,&quot;size&quot;:&quot;&quot;,&quot;sizes&quot;:[]},&quot;min_height_tablet&quot;:{&quot;unit&quot;:&quot;px&quot;,&quot;size&quot;:&quot;&quot;,&quot;sizes&quot;:[]},&quot;min_height_mobile&quot;:{&quot;unit&quot;:&quot;px&quot;,&quot;size&quot;:&quot;&quot;,&quot;sizes&quot;:[]}}\" data-widget_type=\"table-of-contents.default\">\n\t\t\t\t<div class=\"elementor-widget-container\">\n\t\t\t\t\t\t\t\t\t<div class=\"elementor-toc__header\">\n\t\t\t\t\t\t<h4 class=\"elementor-toc__header-title\">\n\t\t\t\tEnhavo\t\t\t<\/h4>\n\t\t\t\t\t\t\t\t\t\t<div class=\"elementor-toc__toggle-button elementor-toc__toggle-button--expand\" role=\"button\" tabindex=\"0\" aria-controls=\"elementor-toc__567c588\" aria-expanded=\"true\" aria-label=\"Open table of contents\"><i aria-hidden=\"true\" class=\"fas fa-chevron-down\"><\/i><\/div>\n\t\t\t\t<div class=\"elementor-toc__toggle-button elementor-toc__toggle-button--collapse\" role=\"button\" tabindex=\"0\" aria-controls=\"elementor-toc__567c588\" aria-expanded=\"true\" aria-label=\"Close table of contents\"><i aria-hidden=\"true\" class=\"fas fa-chevron-up\"><\/i><\/div>\n\t\t\t\t\t<\/div>\n\t\t\t\t<div id=\"elementor-toc__567c588\" class=\"elementor-toc__body\">\n\t\t\t<div class=\"elementor-toc__spinner-container\">\n\t\t\t\t<i class=\"elementor-toc__spinner eicon-animation-spin eicon-loading\" aria-hidden=\"true\"><\/i>\t\t\t<\/div>\n\t\t<\/div>\n\t\t\t\t\t\t<\/div>\n\t\t\t\t<\/div>\n\t\t\t\t\t<\/div>\n\t\t<\/div>\n\t\t\t\t<div class=\"elementor-column elementor-col-33 elementor-top-column elementor-element elementor-element-6165d3a7\" data-id=\"6165d3a7\" data-element_type=\"column\" data-e-type=\"column\">\n\t\t\t<div class=\"elementor-widget-wrap elementor-element-populated\">\n\t\t\t\t\t\t<div class=\"elementor-element elementor-element-5f54e058 elementor-widget elementor-widget-image\" data-id=\"5f54e058\" data-element_type=\"widget\" data-e-type=\"widget\" data-widget_type=\"image.default\">\n\t\t\t\t<div class=\"elementor-widget-container\">\n\t\t\t\t\t\t\t\t\t\t\t\t\t\t\t<img fetchpriority=\"high\" decoding=\"async\" width=\"715\" height=\"1024\" src=\"https:\/\/www.iei.nl\/wp-content\/uploads\/librejo-715x1024.png\" class=\"attachment-large size-large wp-image-1153\" alt=\"\" srcset=\"https:\/\/www.iei.nl\/wp-content\/uploads\/librejo-715x1024.png 715w, https:\/\/www.iei.nl\/wp-content\/uploads\/librejo-210x300.png 210w, https:\/\/www.iei.nl\/wp-content\/uploads\/librejo-768x1099.png 768w, https:\/\/www.iei.nl\/wp-content\/uploads\/librejo.png 955w\" sizes=\"(max-width: 715px) 100vw, 715px\" \/>\t\t\t\t\t\t\t\t\t\t\t\t\t\t\t<\/div>\n\t\t\t\t<\/div>\n\t\t\t\t\t<\/div>\n\t\t<\/div>\n\t\t\t\t\t<\/div>\n\t\t<\/section>\n\t\t\t\t<section class=\"elementor-section elementor-top-section elementor-element elementor-element-886a9ff elementor-section-boxed elementor-section-height-default elementor-section-height-default\" data-id=\"886a9ff\" data-element_type=\"section\" data-e-type=\"section\" data-settings=\"{&quot;background_background&quot;:&quot;classic&quot;}\">\n\t\t\t\t\t\t<div class=\"elementor-container elementor-column-gap-default\">\n\t\t\t\t\t<div class=\"elementor-column elementor-col-50 elementor-top-column elementor-element elementor-element-a15559f\" data-id=\"a15559f\" data-element_type=\"column\" data-e-type=\"column\">\n\t\t\t<div class=\"elementor-widget-wrap elementor-element-populated\">\n\t\t\t\t\t\t<div class=\"elementor-element elementor-element-91ba8e9 elementor-widget elementor-widget-heading\" data-id=\"91ba8e9\" data-element_type=\"widget\" data-e-type=\"widget\" data-widget_type=\"heading.default\">\n\t\t\t\t<div class=\"elementor-widget-container\">\n\t\t\t\t\t<h2 class=\"elementor-heading-title elementor-size-default\">Mendeblaj libroj<\/h2>\t\t\t\t<\/div>\n\t\t\t\t<\/div>\n\t\t\t\t<div class=\"elementor-element elementor-element-81cffb3 elementor-widget elementor-widget-text-editor\" data-id=\"81cffb3\" data-element_type=\"widget\" data-e-type=\"widget\" data-widget_type=\"text-editor.default\">\n\t\t\t\t<div class=\"elementor-widget-container\">\n\t\t\t\t\t\t\t\t\t<p>La Internacia Esperanto-Instituto vendas diversajn brokantajn kaj novajn librojn.\u00a0<span style=\"color: var( --e-global-color-text ); font-family: var( --e-global-typography-text-font-family ), Sans-serif; font-weight: var( --e-global-typography-text-font-weight ); font-size: 1rem;\">Vi povas mendi ilin rete per sendi retmesa\u011don al la <a href=\"mailto:esperanto@iei.nl\">retpo\u015dtadreso<\/a>. Bonvolu sendi vian mendoliston en unu retmesa\u011do.<\/span><\/p><p>Post kiam IEI ricevas vian mendon, volontulo de IEI kontrolos la stokon, kolektos kaj pesos la librojn kaj kalkulas la sendokostojn.<\/p>\t\t\t\t\t\t\t\t<\/div>\n\t\t\t\t<\/div>\n\t\t\t\t<section class=\"elementor-section elementor-inner-section elementor-element elementor-element-4772e25 elementor-section-boxed elementor-section-height-default elementor-section-height-default\" data-id=\"4772e25\" data-element_type=\"section\" data-e-type=\"section\">\n\t\t\t\t\t\t<div class=\"elementor-container elementor-column-gap-default\">\n\t\t\t\t\t<div class=\"elementor-column elementor-col-50 elementor-inner-column elementor-element elementor-element-05456c5\" data-id=\"05456c5\" data-element_type=\"column\" data-e-type=\"column\">\n\t\t\t<div class=\"elementor-widget-wrap elementor-element-populated\">\n\t\t\t\t\t\t<div class=\"elementor-element elementor-element-427d3b5 elementor-widget elementor-widget-heading\" data-id=\"427d3b5\" data-element_type=\"widget\" data-e-type=\"widget\" data-widget_type=\"heading.default\">\n\t\t\t\t<div class=\"elementor-widget-container\">\n\t\t\t\t\t<h3 class=\"elementor-heading-title elementor-size-default\">Brokanta\u0135oj<\/h3>\t\t\t\t<\/div>\n\t\t\t\t<\/div>\n\t\t\t\t<div class=\"elementor-element elementor-element-bb78044 elementor-align-justify elementor-widget elementor-widget-button\" data-id=\"bb78044\" data-element_type=\"widget\" data-e-type=\"widget\" data-widget_type=\"button.default\">\n\t\t\t\t<div class=\"elementor-widget-container\">\n\t\t\t\t\t\t\t\t\t<div class=\"elementor-button-wrapper\">\n\t\t\t\t\t<a class=\"elementor-button elementor-button-link elementor-size-sm\" href=\"https:\/\/www.iei.nl\/brokautoroj\/\">\n\t\t\t\t\t\t<span class=\"elementor-button-content-wrapper\">\n\t\t\t\t\t\t<span class=\"elementor-button-icon\">\n\t\t\t\t<i aria-hidden=\"true\" class=\"fas fa-link\"><\/i>\t\t\t<\/span>\n\t\t\t\t\t\t\t\t\t<span class=\"elementor-button-text\">Listo de brokanta\u0135oj<\/span>\n\t\t\t\t\t<\/span>\n\t\t\t\t\t<\/a>\n\t\t\t\t<\/div>\n\t\t\t\t\t\t\t\t<\/div>\n\t\t\t\t<\/div>\n\t\t\t\t\t<\/div>\n\t\t<\/div>\n\t\t\t\t<div class=\"elementor-column elementor-col-50 elementor-inner-column elementor-element elementor-element-952737a\" data-id=\"952737a\" data-element_type=\"column\" data-e-type=\"column\">\n\t\t\t<div class=\"elementor-widget-wrap elementor-element-populated\">\n\t\t\t\t\t\t<div class=\"elementor-element elementor-element-819ef8a elementor-widget elementor-widget-heading\" data-id=\"819ef8a\" data-element_type=\"widget\" data-e-type=\"widget\" data-widget_type=\"heading.default\">\n\t\t\t\t<div class=\"elementor-widget-container\">\n\t\t\t\t\t<h3 class=\"elementor-heading-title elementor-size-default\">Novaj libroj<\/h3>\t\t\t\t<\/div>\n\t\t\t\t<\/div>\n\t\t\t\t<div class=\"elementor-element elementor-element-281d9fc elementor-align-justify elementor-widget elementor-widget-button\" data-id=\"281d9fc\" data-element_type=\"widget\" data-e-type=\"widget\" data-widget_type=\"button.default\">\n\t\t\t\t<div class=\"elementor-widget-container\">\n\t\t\t\t\t\t\t\t\t<div class=\"elementor-button-wrapper\">\n\t\t\t\t\t<a class=\"elementor-button elementor-button-link elementor-size-sm\" href=\"https:\/\/www.iei.nl\/novautoroj\/\">\n\t\t\t\t\t\t<span class=\"elementor-button-content-wrapper\">\n\t\t\t\t\t\t<span class=\"elementor-button-icon\">\n\t\t\t\t<i aria-hidden=\"true\" class=\"fas fa-link\"><\/i>\t\t\t<\/span>\n\t\t\t\t\t\t\t\t\t<span class=\"elementor-button-text\">Listo de novaj libroj<\/span>\n\t\t\t\t\t<\/span>\n\t\t\t\t\t<\/a>\n\t\t\t\t<\/div>\n\t\t\t\t\t\t\t\t<\/div>\n\t\t\t\t<\/div>\n\t\t\t\t\t<\/div>\n\t\t<\/div>\n\t\t\t\t\t<\/div>\n\t\t<\/section>\n\t\t\t\t\t<\/div>\n\t\t<\/div>\n\t\t\t\t<div class=\"elementor-column elementor-col-50 elementor-top-column elementor-element elementor-element-87df34b\" data-id=\"87df34b\" data-element_type=\"column\" data-e-type=\"column\">\n\t\t\t<div class=\"elementor-widget-wrap elementor-element-populated\">\n\t\t\t\t\t\t<div class=\"elementor-element elementor-element-8c5f5eb elementor-widget elementor-widget-image\" data-id=\"8c5f5eb\" data-element_type=\"widget\" data-e-type=\"widget\" data-settings=\"{&quot;motion_fx_motion_fx_scrolling&quot;:&quot;yes&quot;,&quot;motion_fx_rotateZ_effect&quot;:&quot;yes&quot;,&quot;motion_fx_rotateZ_speed&quot;:{&quot;unit&quot;:&quot;px&quot;,&quot;size&quot;:0.59999999999999997779553950749686919152736663818359375,&quot;sizes&quot;:[]},&quot;motion_fx_rotateZ_affectedRange&quot;:{&quot;unit&quot;:&quot;%&quot;,&quot;size&quot;:&quot;&quot;,&quot;sizes&quot;:{&quot;start&quot;:58,&quot;end&quot;:58}},&quot;motion_fx_devices&quot;:[&quot;desktop&quot;,&quot;tablet&quot;,&quot;mobile&quot;]}\" data-widget_type=\"image.default\">\n\t\t\t\t<div class=\"elementor-widget-container\">\n\t\t\t\t\t\t\t\t\t\t\t\t\t\t\t<img decoding=\"async\" width=\"768\" height=\"1100\" src=\"https:\/\/www.iei.nl\/wp-content\/uploads\/42598535._UY2225_SS2225_-768x1100.jpg\" class=\"attachment-medium_large size-medium_large wp-image-1565\" alt=\"\" srcset=\"https:\/\/www.iei.nl\/wp-content\/uploads\/42598535._UY2225_SS2225_-768x1100.jpg 768w, https:\/\/www.iei.nl\/wp-content\/uploads\/42598535._UY2225_SS2225_-209x300.jpg 209w, https:\/\/www.iei.nl\/wp-content\/uploads\/42598535._UY2225_SS2225_-715x1024.jpg 715w, https:\/\/www.iei.nl\/wp-content\/uploads\/42598535._UY2225_SS2225_-1072x1536.jpg 1072w, https:\/\/www.iei.nl\/wp-content\/uploads\/42598535._UY2225_SS2225_-1429x2048.jpg 1429w, https:\/\/www.iei.nl\/wp-content\/uploads\/42598535._UY2225_SS2225_-8x12.jpg 8w, https:\/\/www.iei.nl\/wp-content\/uploads\/42598535._UY2225_SS2225_.jpg 1553w\" sizes=\"(max-width: 768px) 100vw, 768px\" \/>\t\t\t\t\t\t\t\t\t\t\t\t\t\t\t<\/div>\n\t\t\t\t<\/div>\n\t\t\t\t\t<\/div>\n\t\t<\/div>\n\t\t\t\t\t<\/div>\n\t\t<\/section>\n\t\t\t\t<section class=\"elementor-section elementor-top-section elementor-element elementor-element-ffb551e elementor-section-boxed elementor-section-height-default elementor-section-height-default\" data-id=\"ffb551e\" data-element_type=\"section\" data-e-type=\"section\" data-settings=\"{&quot;background_background&quot;:&quot;gradient&quot;}\">\n\t\t\t\t\t\t<div class=\"elementor-container elementor-column-gap-default\">\n\t\t\t\t\t<div class=\"elementor-column elementor-col-33 elementor-top-column elementor-element elementor-element-594364e\" data-id=\"594364e\" data-element_type=\"column\" data-e-type=\"column\">\n\t\t\t<div class=\"elementor-widget-wrap elementor-element-populated\">\n\t\t\t\t\t\t<div class=\"elementor-element elementor-element-9eb8a92 elementor-widget elementor-widget-heading\" data-id=\"9eb8a92\" data-element_type=\"widget\" data-e-type=\"widget\" data-widget_type=\"heading.default\">\n\t\t\t\t<div class=\"elementor-widget-container\">\n\t\t\t\t\t<h2 class=\"elementor-heading-title elementor-size-default\">Mendeblaj objektoj<\/h2>\t\t\t\t<\/div>\n\t\t\t\t<\/div>\n\t\t\t\t<div class=\"elementor-element elementor-element-3fc36bf elementor-widget elementor-widget-text-editor\" data-id=\"3fc36bf\" data-element_type=\"widget\" data-e-type=\"widget\" data-widget_type=\"text-editor.default\">\n\t\t\t\t<div class=\"elementor-widget-container\">\n\t\t\t\t\t\t\t\t\t<p style=\"text-align: left;\">La Internacia Esperanto-Instituto anka\u016d vendas\u00a0diversajn objektojn.\u00a0<\/p><p style=\"text-align: left;\">Vi povas mendi ilin rete per sendi retmesa\u011don al <a href=\"mailto:esperanto@iei.nl\">nia adreso<\/a>.<\/p>\t\t\t\t\t\t\t\t<\/div>\n\t\t\t\t<\/div>\n\t\t\t\t<div class=\"elementor-element elementor-element-baee743 elementor-align-justify elementor-widget elementor-widget-button\" data-id=\"baee743\" data-element_type=\"widget\" data-e-type=\"widget\" data-widget_type=\"button.default\">\n\t\t\t\t<div class=\"elementor-widget-container\">\n\t\t\t\t\t\t\t\t\t<div class=\"elementor-button-wrapper\">\n\t\t\t\t\t<a class=\"elementor-button elementor-button-link elementor-size-sm\" href=\"https:\/\/www.iei.nl\/vendejo-objektoj\/\">\n\t\t\t\t\t\t<span class=\"elementor-button-content-wrapper\">\n\t\t\t\t\t\t<span class=\"elementor-button-icon\">\n\t\t\t\t<i aria-hidden=\"true\" class=\"fas fa-link\"><\/i>\t\t\t<\/span>\n\t\t\t\t\t\t\t\t\t<span class=\"elementor-button-text\">Listo de objektoj<\/span>\n\t\t\t\t\t<\/span>\n\t\t\t\t\t<\/a>\n\t\t\t\t<\/div>\n\t\t\t\t\t\t\t\t<\/div>\n\t\t\t\t<\/div>\n\t\t\t\t\t<\/div>\n\t\t<\/div>\n\t\t\t\t<div class=\"elementor-column elementor-col-33 elementor-top-column elementor-element elementor-element-781f255\" data-id=\"781f255\" data-element_type=\"column\" data-e-type=\"column\">\n\t\t\t<div class=\"elementor-widget-wrap elementor-element-populated\">\n\t\t\t\t\t\t<div class=\"elementor-element elementor-element-f81a246 elementor-widget elementor-widget-image\" data-id=\"f81a246\" data-element_type=\"widget\" data-e-type=\"widget\" data-settings=\"{&quot;motion_fx_motion_fx_scrolling&quot;:&quot;yes&quot;,&quot;motion_fx_rotateZ_effect&quot;:&quot;yes&quot;,&quot;motion_fx_rotateZ_speed&quot;:{&quot;unit&quot;:&quot;px&quot;,&quot;size&quot;:0.1000000000000000055511151231257827021181583404541015625,&quot;sizes&quot;:[]},&quot;motion_fx_rotateZ_affectedRange&quot;:{&quot;unit&quot;:&quot;%&quot;,&quot;size&quot;:&quot;&quot;,&quot;sizes&quot;:{&quot;start&quot;:74,&quot;end&quot;:74}},&quot;motion_fx_devices&quot;:[&quot;desktop&quot;,&quot;tablet&quot;,&quot;mobile&quot;]}\" data-widget_type=\"image.default\">\n\t\t\t\t<div class=\"elementor-widget-container\">\n\t\t\t\t\t\t\t\t\t\t\t\t\t\t\t<img decoding=\"async\" width=\"346\" height=\"340\" src=\"https:\/\/www.iei.nl\/wp-content\/uploads\/Moneroj.png\" class=\"attachment-medium_large size-medium_large wp-image-1741\" alt=\"\" srcset=\"https:\/\/www.iei.nl\/wp-content\/uploads\/Moneroj.png 346w, https:\/\/www.iei.nl\/wp-content\/uploads\/Moneroj-300x295.png 300w, https:\/\/www.iei.nl\/wp-content\/uploads\/Moneroj-12x12.png 12w\" sizes=\"(max-width: 346px) 100vw, 346px\" \/>\t\t\t\t\t\t\t\t\t\t\t\t\t\t\t<\/div>\n\t\t\t\t<\/div>\n\t\t\t\t\t<\/div>\n\t\t<\/div>\n\t\t\t\t<div class=\"elementor-column elementor-col-33 elementor-top-column elementor-element elementor-element-6305993\" data-id=\"6305993\" data-element_type=\"column\" data-e-type=\"column\">\n\t\t\t<div class=\"elementor-widget-wrap elementor-element-populated\">\n\t\t\t\t\t\t<div class=\"elementor-element elementor-element-2b019e0 elementor-hidden-phone elementor-widget elementor-widget-image\" data-id=\"2b019e0\" data-element_type=\"widget\" data-e-type=\"widget\" data-settings=\"{&quot;motion_fx_motion_fx_scrolling&quot;:&quot;yes&quot;,&quot;motion_fx_rotateZ_effect&quot;:&quot;yes&quot;,&quot;motion_fx_rotateZ_speed&quot;:{&quot;unit&quot;:&quot;px&quot;,&quot;size&quot;:0.200000000000000011102230246251565404236316680908203125,&quot;sizes&quot;:[]},&quot;motion_fx_rotateZ_affectedRange&quot;:{&quot;unit&quot;:&quot;%&quot;,&quot;size&quot;:&quot;&quot;,&quot;sizes&quot;:{&quot;start&quot;:27,&quot;end&quot;:27}},&quot;motion_fx_devices&quot;:[&quot;desktop&quot;,&quot;tablet&quot;,&quot;mobile&quot;]}\" data-widget_type=\"image.default\">\n\t\t\t\t<div class=\"elementor-widget-container\">\n\t\t\t\t\t\t\t\t\t\t\t\t\t\t\t<img loading=\"lazy\" decoding=\"async\" width=\"768\" height=\"1096\" src=\"https:\/\/www.iei.nl\/wp-content\/uploads\/Pasinteco-768x1096.jpeg\" class=\"attachment-medium_large size-medium_large wp-image-1697\" alt=\"\" srcset=\"https:\/\/www.iei.nl\/wp-content\/uploads\/Pasinteco-768x1096.jpeg 768w, https:\/\/www.iei.nl\/wp-content\/uploads\/Pasinteco-210x300.jpeg 210w, https:\/\/www.iei.nl\/wp-content\/uploads\/Pasinteco-717x1024.jpeg 717w, https:\/\/www.iei.nl\/wp-content\/uploads\/Pasinteco-1076x1536.jpeg 1076w, https:\/\/www.iei.nl\/wp-content\/uploads\/Pasinteco.jpeg 1641w\" sizes=\"(max-width: 768px) 100vw, 768px\" \/>\t\t\t\t\t\t\t\t\t\t\t\t\t\t\t<\/div>\n\t\t\t\t<\/div>\n\t\t\t\t\t<\/div>\n\t\t<\/div>\n\t\t\t\t\t<\/div>\n\t\t<\/section>\n\t\t\t\t<section class=\"elementor-section elementor-top-section elementor-element elementor-element-e5bb662 elementor-section-boxed elementor-section-height-default elementor-section-height-default\" data-id=\"e5bb662\" data-element_type=\"section\" data-e-type=\"section\">\n\t\t\t\t\t\t<div class=\"elementor-container elementor-column-gap-default\">\n\t\t\t\t\t<div class=\"elementor-column elementor-col-100 elementor-top-column elementor-element elementor-element-d933514\" data-id=\"d933514\" data-element_type=\"column\" data-e-type=\"column\">\n\t\t\t<div class=\"elementor-widget-wrap elementor-element-populated\">\n\t\t\t\t\t\t<div class=\"elementor-element elementor-element-90306e3 elementor-widget elementor-widget-heading\" data-id=\"90306e3\" data-element_type=\"widget\" data-e-type=\"widget\" data-widget_type=\"heading.default\">\n\t\t\t\t<div class=\"elementor-widget-container\">\n\t\t\t\t\t<h2 class=\"elementor-heading-title elementor-size-default\">Lastaj artikoloj pri libroj<\/h2>\t\t\t\t<\/div>\n\t\t\t\t<\/div>\n\t\t\t\t<div class=\"elementor-element elementor-element-04e19c7 elementor-grid-3 elementor-grid-tablet-2 elementor-grid-mobile-1 elementor-posts--thumbnail-top elementor-widget elementor-widget-posts\" data-id=\"04e19c7\" data-element_type=\"widget\" data-e-type=\"widget\" data-settings=\"{&quot;classic_columns&quot;:&quot;3&quot;,&quot;classic_columns_tablet&quot;:&quot;2&quot;,&quot;classic_columns_mobile&quot;:&quot;1&quot;,&quot;classic_row_gap&quot;:{&quot;unit&quot;:&quot;px&quot;,&quot;size&quot;:35,&quot;sizes&quot;:[]},&quot;classic_row_gap_tablet&quot;:{&quot;unit&quot;:&quot;px&quot;,&quot;size&quot;:&quot;&quot;,&quot;sizes&quot;:[]},&quot;classic_row_gap_mobile&quot;:{&quot;unit&quot;:&quot;px&quot;,&quot;size&quot;:&quot;&quot;,&quot;sizes&quot;:[]}}\" data-widget_type=\"posts.classic\">\n\t\t\t\t<div class=\"elementor-widget-container\">\n\t\t\t\t\t\t\t<div class=\"elementor-posts-container elementor-posts elementor-posts--skin-classic elementor-grid\" role=\"list\">\n\t\t\t\t<article class=\"elementor-post elementor-grid-item post-1467 post type-post status-publish format-standard has-post-thumbnail hentry category-libroj\" role=\"listitem\">\n\t\t\t\t<a class=\"elementor-post__thumbnail__link\" href=\"https:\/\/www.iei.nl\/nl_nl\/2021\/01\/10\/reta-eldono-la-konversacia-vortaro-2021\/\" tabindex=\"-1\" >\n\t\t\t<div class=\"elementor-post__thumbnail\"><img loading=\"lazy\" decoding=\"async\" width=\"300\" height=\"171\" src=\"https:\/\/www.iei.nl\/wp-content\/uploads\/Konversacia-Vortaro-jan-2021-titolo-300x171.png\" class=\"attachment-medium size-medium wp-image-1468\" alt=\"Konversacia vortaro\" srcset=\"https:\/\/www.iei.nl\/wp-content\/uploads\/Konversacia-Vortaro-jan-2021-titolo-300x171.png 300w, https:\/\/www.iei.nl\/wp-content\/uploads\/Konversacia-Vortaro-jan-2021-titolo-768x438.png 768w, https:\/\/www.iei.nl\/wp-content\/uploads\/Konversacia-Vortaro-jan-2021-titolo-16x9.png 16w, https:\/\/www.iei.nl\/wp-content\/uploads\/Konversacia-Vortaro-jan-2021-titolo.png 897w\" sizes=\"(max-width: 300px) 100vw, 300px\" \/><\/div>\n\t\t<\/a>\n\t\t\t\t<div class=\"elementor-post__text\">\n\t\t\t\t<h3 class=\"elementor-post__title\">\n\t\t\t<a href=\"https:\/\/www.iei.nl\/nl_nl\/2021\/01\/10\/reta-eldono-la-konversacia-vortaro-2021\/\" >\n\t\t\t\tReta eldono: la Konversacia Vortaro 2021\t\t\t<\/a>\n\t\t<\/h3>\n\t\t\t\t<div class=\"elementor-post__meta-data\">\n\t\t\t\t\t<span class=\"elementor-post-date\">\n\t\t\t10\/01\/2021\t\t<\/span>\n\t\t\t\t<\/div>\n\t\t\t\t<div class=\"elementor-post__excerpt\">\n\t\t\t<p>Jam en la 1920-aj jaroj Andreo Cseh instruis Esperanton per sia rekta metodo. Tio signifas ke li neniam uzis naciajn lingvojn dum siaj kursoj. Kiam<\/p>\n\t\t<\/div>\n\t\t\n\t\t<a class=\"elementor-post__read-more\" href=\"https:\/\/www.iei.nl\/nl_nl\/2021\/01\/10\/reta-eldono-la-konversacia-vortaro-2021\/\" aria-label=\"Lees meer over Reta eldono: la Konversacia Vortaro 2021\" tabindex=\"-1\" >\n\t\t\tLegu pli!\t\t<\/a>\n\n\t\t\t\t<\/div>\n\t\t\t\t<\/article>\n\t\t\t\t<article class=\"elementor-post elementor-grid-item post-1399 post type-post status-publish format-standard has-post-thumbnail hentry category-libroj\" role=\"listitem\">\n\t\t\t\t<a class=\"elementor-post__thumbnail__link\" href=\"https:\/\/www.iei.nl\/nl_nl\/2020\/12\/18\/marta-historia-libro-por-virinaj-rajtoj\/\" tabindex=\"-1\" >\n\t\t\t<div class=\"elementor-post__thumbnail\"><img loading=\"lazy\" decoding=\"async\" width=\"229\" height=\"300\" src=\"https:\/\/www.iei.nl\/wp-content\/uploads\/1928_Marta-Orzeszko-229x300.jpg\" class=\"attachment-medium size-medium wp-image-1400\" alt=\"Marta\" srcset=\"https:\/\/www.iei.nl\/wp-content\/uploads\/1928_Marta-Orzeszko-229x300.jpg 229w, https:\/\/www.iei.nl\/wp-content\/uploads\/1928_Marta-Orzeszko-783x1024.jpg 783w, https:\/\/www.iei.nl\/wp-content\/uploads\/1928_Marta-Orzeszko-768x1004.jpg 768w, https:\/\/www.iei.nl\/wp-content\/uploads\/1928_Marta-Orzeszko-9x12.jpg 9w, https:\/\/www.iei.nl\/wp-content\/uploads\/1928_Marta-Orzeszko.jpg 1142w\" sizes=\"(max-width: 229px) 100vw, 229px\" \/><\/div>\n\t\t<\/a>\n\t\t\t\t<div class=\"elementor-post__text\">\n\t\t\t\t<h3 class=\"elementor-post__title\">\n\t\t\t<a href=\"https:\/\/www.iei.nl\/nl_nl\/2020\/12\/18\/marta-historia-libro-por-virinaj-rajtoj\/\" >\n\t\t\t\tMarta: historia libro por virinaj rajtoj\t\t\t<\/a>\n\t\t<\/h3>\n\t\t\t\t<div class=\"elementor-post__meta-data\">\n\t\t\t\t\t<span class=\"elementor-post-date\">\n\t\t\t18\/12\/2020\t\t<\/span>\n\t\t\t\t<\/div>\n\t\t\t\t<div class=\"elementor-post__excerpt\">\n\t\t\t<p>Marta estas romano el 1873, pledanta por virinaj rajtoj, verkita de la polino Eliza Orzeszko kaj tradukita en Esperanton de L. L. Zamenhof en 1910.<\/p>\n\t\t<\/div>\n\t\t\n\t\t<a class=\"elementor-post__read-more\" href=\"https:\/\/www.iei.nl\/nl_nl\/2020\/12\/18\/marta-historia-libro-por-virinaj-rajtoj\/\" aria-label=\"Lees meer over Marta: historia libro por virinaj rajtoj\" tabindex=\"-1\" >\n\t\t\tLegu pli!\t\t<\/a>\n\n\t\t\t\t<\/div>\n\t\t\t\t<\/article>\n\t\t\t\t<\/div>\n\t\t\n\t\t\t\t\t\t<\/div>\n\t\t\t\t<\/div>\n\t\t\t\t\t<\/div>\n\t\t<\/div>\n\t\t\t\t\t<\/div>\n\t\t<\/section>\n\t\t\t\t<\/div>\n\t\t","protected":false},"excerpt":{"rendered":"<p>Vendejo de laInternacia Esperanto-Instituto Enhavo Mendeblaj libroj La Internacia Esperanto-Instituto vendas diversajn brokantajn kaj novajn librojn.\u00a0Vi povas mendi ilin rete per sendi retmesa\u011don al la retpo\u015dtadreso. Bonvolu sendi vian mendoliston en unu retmesa\u011do. Post kiam IEI ricevas vian mendon, volontulo de IEI kontrolos la stokon, kolektos kaj pesos la librojn kaj kalkulas la sendokostojn. Brokanta\u0135oj [&hellip;]<\/p>\n","protected":false},"author":4,"featured_media":0,"parent":0,"menu_order":0,"comment_status":"closed","ping_status":"closed","template":"","meta":{"footnotes":""},"class_list":["post-707","page","type-page","status-publish","hentry"],"_links":{"self":[{"href":"https:\/\/www.iei.nl\/nl_nl\/wp-json\/wp\/v2\/pages\/707","targetHints":{"allow":["GET"]}}],"collection":[{"href":"https:\/\/www.iei.nl\/nl_nl\/wp-json\/wp\/v2\/pages"}],"about":[{"href":"https:\/\/www.iei.nl\/nl_nl\/wp-json\/wp\/v2\/types\/page"}],"author":[{"embeddable":true,"href":"https:\/\/www.iei.nl\/nl_nl\/wp-json\/wp\/v2\/users\/4"}],"replies":[{"embeddable":true,"href":"https:\/\/www.iei.nl\/nl_nl\/wp-json\/wp\/v2\/comments?post=707"}],"version-history":[{"count":252,"href":"https:\/\/www.iei.nl\/nl_nl\/wp-json\/wp\/v2\/pages\/707\/revisions"}],"predecessor-version":[{"id":2542,"href":"https:\/\/www.iei.nl\/nl_nl\/wp-json\/wp\/v2\/pages\/707\/revisions\/2542"}],"wp:attachment":[{"href":"https:\/\/www.iei.nl\/nl_nl\/wp-json\/wp\/v2\/media?parent=707"}],"curies":[{"name":"wp","href":"https:\/\/api.w.org\/{rel}","templated":true}]}}